{"id":54864,"date":"2024-10-01T16:10:45","date_gmt":"2024-10-01T16:10:45","guid":{"rendered":"https:\/\/de-prime.com\/?p=54864"},"modified":"2024-10-01T16:37:30","modified_gmt":"2024-10-01T16:37:30","slug":"camping-wassertank-mit-rollen-25-l-blau-2","status":"publish","type":"product","link":"https:\/\/de-prime.com\/index.php\/product\/camping-wassertank-mit-rollen-25-l-blau-2\/","title":{"rendered":"Camping-Wassertank mit Rollen 25 L Blau"},"content":{"rendered":"<p>Unser tragbarer Wassertank fasst bis zu 25 Liter Wasser. Er eignet sich perfekt zum Anschlie\u00dfen an Toiletten, Waschbecken bzw. Wohnwagen oder Wohnmobile. Dank des verstellbaren Griffs, der oberen und seitlichen Handgriffe sowie der Rollen l\u00e4sst sich der Tank mit gro\u00dfer Leichtigkeit transportieren. Das einzigartige Design mit mehreren Ausl\u00e4ssen erleichtert das Reinigen, Ablassen und Nachf\u00fcllen des Wassers. Der Wassertank besteht aus hochfestem HDPE-PP-Material und ist somit sto\u00dffest und langlebig.<\/p>\n<ul>\n<li>Farbe: Blau<\/li>\n<li>Material: HDPE PP (hochdichtes Polyethylenpolypropylen)<\/li>\n<li>Abmessungen: 32 x 26 x 52 cm (L x B x H)<\/li>\n<li>Fassungsverm\u00f6gen: 25 L<\/li>\n<li>Rollendurchmesser: 17 cm<\/li>\n<li>Mit einem verstellbaren Griff<\/li>\n<li>Mit oberen und seitlichen Handgriffen<\/li>\n<li>Ausgestattet mit Rollen<\/li>\n<\/ul>\n","protected":false},"excerpt":{"rendered":"<ul>\n<li>Farbe: Blau<\/li>\n<li>Material: HDPE PP (hochdichtes Polyethylenpolypropylen)<\/li>\n<li>Abmessungen: 32 x 26 x 52 cm (L x B x H)<\/li>\n<li>Fassungsverm\u00f6gen: 25 L<\/li>\n<li>Rollendurchmesser: 17 cm<\/li>\n<li>Mit einem verstellbaren Griff<\/li>\n<li>Mit oberen und seitlichen Handgriffen<\/li>\n<li>Ausgestattet mit Rollen<\/li>\n<\/ul>\n","protected":false},"featured_media":10000054864,"comment_status":"closed","ping_status":"closed","template":"","meta":[],"product_brand":[],"product_cat":[6859,6837,6836],"product_tag":[],"class_list":{"0":"post-54864","1":"product","2":"type-product","3":"status-publish","4":"has-post-thumbnail","6":"product_cat-camping-wandern","7":"product_cat-outdoor-aktivitaeten","8":"product_cat-sportartikel","10":"first","11":"instock","12":"taxable","13":"shipping-taxable","14":"purchasable","15":"product-type-simple","16":"add-to-wishlist-after_add_to_cart"},"jetpack_sharing_enabled":true,"_links":{"self":[{"href":"https:\/\/de-prime.com\/index.php\/wp-json\/wp\/v2\/product\/54864","targetHints":{"allow":["GET"]}}],"collection":[{"href":"https:\/\/de-prime.com\/index.php\/wp-json\/wp\/v2\/product"}],"about":[{"href":"https:\/\/de-prime.com\/index.php\/wp-json\/wp\/v2\/types\/product"}],"replies":[{"embeddable":true,"href":"https:\/\/de-prime.com\/index.php\/wp-json\/wp\/v2\/comments?post=54864"}],"wp:featuredmedia":[{"embeddable":true,"href":"https:\/\/de-prime.com\/index.php\/wp-json\/"}],"wp:attachment":[{"href":"https:\/\/de-prime.com\/index.php\/wp-json\/wp\/v2\/media?parent=54864"}],"wp:term":[{"taxonomy":"product_brand","embeddable":true,"href":"https:\/\/de-prime.com\/index.php\/wp-json\/wp\/v2\/product_brand?post=54864"},{"taxonomy":"product_cat","embeddable":true,"href":"https:\/\/de-prime.com\/index.php\/wp-json\/wp\/v2\/product_cat?post=54864"},{"taxonomy":"product_tag","embeddable":true,"href":"https:\/\/de-prime.com\/index.php\/wp-json\/wp\/v2\/product_tag?post=54864"}],"curies":[{"name":"wp","href":"https:\/\/api.w.org\/{rel}","templated":true}]}}