{"id":54860,"date":"2024-10-01T16:10:45","date_gmt":"2024-10-01T16:10:45","guid":{"rendered":"https:\/\/de-prime.com\/?p=54860"},"modified":"2024-10-01T16:37:28","modified_gmt":"2024-10-01T16:37:28","slug":"camping-wassertank-mit-rollen-25-l-blau","status":"publish","type":"product","link":"https:\/\/de-prime.com\/index.php\/product\/camping-wassertank-mit-rollen-25-l-blau\/","title":{"rendered":"Camping-Wassertank mit Rollen 25 L Blau"},"content":{"rendered":"<p>Mit einem Fassungsverm\u00f6gen von 25 Litern eignet sich der tragbare Wassertank perfekt f\u00fcr den Anschluss an Toiletten, Waschbecken und Sp\u00fclen in Wohnwagen oder Wohnmobilen. Robustes HDPE: Der Wassertank besteht aus robustem Polyethylen hoher Dichte, was ihn sto\u00df- und schlagfest macht und f\u00fcr Langlebigkeit sorgt.Flexible Rollen: Dank der Rollen l\u00e4sst sich der Wassertank aus Kunststoff ganz einfach verschieben.Praktische L\u00f6cher: Der Camping-Wassertank verf\u00fcgt \u00fcber spezielle L\u00f6cher an der Oberseite, die die Befestigung eines verl\u00e4ngerten Griffes erm\u00f6glichen (nicht im Lieferumfang enthalten). So ist er f\u00fcr Personen unterschiedlicher K\u00f6rpergr\u00f6\u00dfe geeignet.Praktisches Design: Der Wassertank mit Rollen bietet genug Wasservorrat f\u00fcr den Notfallgebrauch. Mehrere Wasserausl\u00e4sse sorgen daf\u00fcr, dass das Wasser schnell ein- und ausflie\u00dfen kann.<\/p>\n<ul>\n<li>Farbe: Blau<\/li>\n<li>Material: HDPE (hochdichtes Polyethylen)<\/li>\n<li>Abmessungen: 37,5 x 23 x 80 cm (L x B x H)<\/li>\n<li>Fassungsverm\u00f6gen: 25 L<\/li>\n<li>Zusammenbau erforderlich: Ja<\/li>\n<\/ul>\n","protected":false},"excerpt":{"rendered":"<ul>\n<li>Farbe: Blau<\/li>\n<li>Material: HDPE (hochdichtes Polyethylen)<\/li>\n<li>Abmessungen: 37,5 x 23 x 80 cm (L x B x H)<\/li>\n<li>Fassungsverm\u00f6gen: 25 L<\/li>\n<li>Zusammenbau erforderlich: Ja<\/li>\n<\/ul>\n","protected":false},"featured_media":10000054860,"comment_status":"closed","ping_status":"closed","template":"","meta":[],"product_brand":[],"product_cat":[6859,6837,6836],"product_tag":[],"class_list":{"0":"post-54860","1":"product","2":"type-product","3":"status-publish","4":"has-post-thumbnail","6":"product_cat-camping-wandern","7":"product_cat-outdoor-aktivitaeten","8":"product_cat-sportartikel","10":"first","11":"outofstock","12":"taxable","13":"shipping-taxable","14":"purchasable","15":"product-type-simple","16":"add-to-wishlist-after_add_to_cart"},"jetpack_sharing_enabled":true,"_links":{"self":[{"href":"https:\/\/de-prime.com\/index.php\/wp-json\/wp\/v2\/product\/54860","targetHints":{"allow":["GET"]}}],"collection":[{"href":"https:\/\/de-prime.com\/index.php\/wp-json\/wp\/v2\/product"}],"about":[{"href":"https:\/\/de-prime.com\/index.php\/wp-json\/wp\/v2\/types\/product"}],"replies":[{"embeddable":true,"href":"https:\/\/de-prime.com\/index.php\/wp-json\/wp\/v2\/comments?post=54860"}],"wp:featuredmedia":[{"embeddable":true,"href":"https:\/\/de-prime.com\/index.php\/wp-json\/"}],"wp:attachment":[{"href":"https:\/\/de-prime.com\/index.php\/wp-json\/wp\/v2\/media?parent=54860"}],"wp:term":[{"taxonomy":"product_brand","embeddable":true,"href":"https:\/\/de-prime.com\/index.php\/wp-json\/wp\/v2\/product_brand?post=54860"},{"taxonomy":"product_cat","embeddable":true,"href":"https:\/\/de-prime.com\/index.php\/wp-json\/wp\/v2\/product_cat?post=54860"},{"taxonomy":"product_tag","embeddable":true,"href":"https:\/\/de-prime.com\/index.php\/wp-json\/wp\/v2\/product_tag?post=54860"}],"curies":[{"name":"wp","href":"https:\/\/api.w.org\/{rel}","templated":true}]}}