{"id":54843,"date":"2024-10-01T16:10:44","date_gmt":"2024-10-01T16:10:44","guid":{"rendered":"https:\/\/de-prime.com\/?p=54843"},"modified":"2024-10-01T16:39:55","modified_gmt":"2024-10-01T16:39:55","slug":"regenponcho-mit-kapuze-2-in-1-design-grau-und-orange-223x145-cm","status":"publish","type":"product","link":"https:\/\/de-prime.com\/index.php\/product\/regenponcho-mit-kapuze-2-in-1-design-grau-und-orange-223x145-cm\/","title":{"rendered":"Regenponcho mit Kapuze 2-in-1-Design Grau und Orange 223&#215;145 cm"},"content":{"rendered":"<p>Mit diesem vielseitigen Regenponcho wirst du ganz bestimmt ein tolles Erlebnis im Freien genie\u00dfen! Wasserdicht: Aus Polyester mit PU-Beschichtung gefertigt, ist dieser Poncho wasserdicht. Die versiegelten N\u00e4hte verhindern effektiv das Eindringen von Regenwasser.Vielseitig einsetzbar: Dieser Regenponcho l\u00e4sst sich vielseitig einsetzen. Dank der \u00d6sen an jeder Ecke kann er auch als Campingplane, Picknickdecke oder Zeltunterlage verwendet werden.Verstellbare Kapuze: Dieser Regenponcho ist mit einem elastischen Kordelzug versehen, der die Anpassung der Kapuze und eine eng anliegende Passform erm\u00f6glicht, um besseren Schutz vor dem Regen zu bieten.Praktisches Design: Dieser Regenponcho verf\u00fcgt \u00fcber Klettverschl\u00fcsse auf beiden Seiten, mit denen du bei Bedarf praktische \u00c4rmel erstellen kannst.Kompakt und tragbar: Diese Campingplane l\u00e4sst sich leicht auf eine kompakte Gr\u00f6\u00dfe zusammenfalten und im mitgelieferten Beutel m\u00fchelos lagern und transportieren.<\/p>\n<ul>\n<li>Farbe: Grau und Orange<\/li>\n<li>Material: 190T Polyester mit PU-Beschichtung<\/li>\n<li>Gr\u00f6\u00dfe: 223 x 145 cm (L x B)<\/li>\n<li>Gr\u00f6\u00dfe der Tragetasche: 7 x 21 cm (Durchmesser x H)<\/li>\n<li>2-in-1-Design: Regenponcho und Picknickdecke<\/li>\n<li><strong>Lieferung umfasst:<\/strong><\/li>\n<li>1 x Regenponcho<\/li>\n<li>1 x Tragetasche<\/li>\n<\/ul>\n","protected":false},"excerpt":{"rendered":"<ul>\n<li>Farbe: Grau und Orange<\/li>\n<li>Material: 190T Polyester mit PU-Beschichtung<\/li>\n<li>Gr\u00f6\u00dfe: 223 x 145 cm (L x B)<\/li>\n<li>Gr\u00f6\u00dfe der Tragetasche: 7 x 21 cm (Durchmesser x H)<\/li>\n<li>2-in-1-Design: Regenponcho und Picknickdecke<\/li>\n<li><strong>Lieferung umfasst:<\/strong><\/li>\n<li>1 x Regenponcho<\/li>\n<li>1 x Tragetasche<\/li>\n<\/ul>\n","protected":false},"featured_media":10000054843,"comment_status":"closed","ping_status":"closed","template":"","meta":[],"product_brand":[],"product_cat":[6859,6837,6836],"product_tag":[],"class_list":{"0":"post-54843","1":"product","2":"type-product","3":"status-publish","4":"has-post-thumbnail","6":"product_cat-camping-wandern","7":"product_cat-outdoor-aktivitaeten","8":"product_cat-sportartikel","10":"first","11":"instock","12":"taxable","13":"shipping-taxable","14":"purchasable","15":"product-type-simple","16":"add-to-wishlist-after_add_to_cart"},"jetpack_sharing_enabled":true,"_links":{"self":[{"href":"https:\/\/de-prime.com\/index.php\/wp-json\/wp\/v2\/product\/54843","targetHints":{"allow":["GET"]}}],"collection":[{"href":"https:\/\/de-prime.com\/index.php\/wp-json\/wp\/v2\/product"}],"about":[{"href":"https:\/\/de-prime.com\/index.php\/wp-json\/wp\/v2\/types\/product"}],"replies":[{"embeddable":true,"href":"https:\/\/de-prime.com\/index.php\/wp-json\/wp\/v2\/comments?post=54843"}],"wp:featuredmedia":[{"embeddable":true,"href":"https:\/\/de-prime.com\/index.php\/wp-json\/"}],"wp:attachment":[{"href":"https:\/\/de-prime.com\/index.php\/wp-json\/wp\/v2\/media?parent=54843"}],"wp:term":[{"taxonomy":"product_brand","embeddable":true,"href":"https:\/\/de-prime.com\/index.php\/wp-json\/wp\/v2\/product_brand?post=54843"},{"taxonomy":"product_cat","embeddable":true,"href":"https:\/\/de-prime.com\/index.php\/wp-json\/wp\/v2\/product_cat?post=54843"},{"taxonomy":"product_tag","embeddable":true,"href":"https:\/\/de-prime.com\/index.php\/wp-json\/wp\/v2\/product_tag?post=54843"}],"curies":[{"name":"wp","href":"https:\/\/api.w.org\/{rel}","templated":true}]}}