{"id":54832,"date":"2024-10-01T16:10:43","date_gmt":"2024-10-01T16:10:43","guid":{"rendered":"https:\/\/de-prime.com\/?p=54832"},"modified":"2024-10-01T16:39:50","modified_gmt":"2024-10-01T16:39:50","slug":"tragbare-campingtoilette-mit-waschbecken-10","status":"publish","type":"product","link":"https:\/\/de-prime.com\/index.php\/product\/tragbare-campingtoilette-mit-waschbecken-10\/","title":{"rendered":"Tragbare Campingtoilette mit Waschbecken"},"content":{"rendered":"<p>Dank seines leichten und kompakten Designs eignet sich dieses Set aus tragbarer Campingtoilette und Handwaschbecken perfekt f\u00fcr Camping, Ausfl\u00fcge mit dem Wohnmobil, Veranstaltungen usw. Praktische Toilette: Die Toilette verf\u00fcgt \u00fcber einen F\u00e4kalientank mit einem Fassungsverm\u00f6gen von 20 Litern, der einem Erwachsenen 4-5 Tage lang ausreicht. Die T-Sp\u00fclung erleichtert die Entleerung.Multifunktionales Handwaschbecken: Die Handwaschstation ist mit einem Seifenspender, einem Handtuchhalter und einem Frischwassertank ausgestattet, um unterschiedlichen Bed\u00fcrfnissen gerecht zu werden. Durch Bet\u00e4tigung der Fu\u00dfpumpe wird ein Wasserstrahl erzeugt, um eine m\u00fchelose Bedienung zu gew\u00e4hrleisten.Langlebiges Material: Das Camping-Set besteht aus robustem Polyethylen hoher Dichte, was es sto\u00df- und schlagfest macht und eine lange Lebensdauer gew\u00e4hrleistet.<\/p>\n<ul>\n<li>Farbe: Grau<\/li>\n<li><strong>Camping-Toilette:<\/strong><\/li>\n<li>Material: HDPE (hochdichtes Polyethylen)<\/li>\n<li>Abmessungen: 41,5 x 36,5 x 42 cm (L x B x H)<\/li>\n<li>Fassungsverm\u00f6gen des F\u00e4kalientanks: 20 L<\/li>\n<li>Fassungsverm\u00f6gen des Frischwassertanks: 10 L<\/li>\n<li>Mit 2 seitlichen Verriegelungen<\/li>\n<li>Mit einem Ablassventil<\/li>\n<li>Kolbenpumpe<\/li>\n<li>T-Typ-Sp\u00fcld\u00fcse<\/li>\n<li><strong>Camping-Waschbecken:<\/strong><\/li>\n<li>Material: HDPE (Polyethylen hoher Dichte), PP (Polypropylen)<\/li>\n<li>Abmessungen: 72 x 42 x 103 cm (L x B x H)<\/li>\n<li>Fassungsverm\u00f6gen des Frischwassertanks: 30 L<\/li>\n<li>Fassungsverm\u00f6gen des Seifenspenders: 5 L<\/li>\n<li>Mit einem Seifenhalter<\/li>\n<li>Mit Fu\u00dfpumpe<\/li>\n<li>Eingebaute Rollen<\/li>\n<li>Zusammenbau erforderlich: Ja<\/li>\n<li><strong>Lieferung umfasst:<\/strong><\/li>\n<li>1 x Campingtoilette<\/li>\n<li>1 x Camping-Handwaschbecken<\/li>\n<\/ul>\n","protected":false},"excerpt":{"rendered":"<ul>\n<li>Farbe: Grau<\/li>\n<li><strong>Camping-Toilette:<\/strong><\/li>\n<li>Material: HDPE (hochdichtes Polyethylen)<\/li>\n<li>Abmessungen: 41,5 x 36,5 x 42 cm (L x B x H)<\/li>\n<li>Fassungsverm\u00f6gen des F\u00e4kalientanks: 20 L<\/li>\n<li>Fassungsverm\u00f6gen des Frischwassertanks: 10 L<\/li>\n<li>Mit 2 seitlichen Verriegelungen<\/li>\n<li>Mit einem Ablassventil<\/li>\n<li>Kolbenpumpe<\/li>\n<li>T-Typ-Sp\u00fcld\u00fcse<\/li>\n<li><strong>Camping-Waschbecken:<\/strong><\/li>\n<li>Material: HDPE (Polyethylen hoher Dichte), PP (Polypropylen)<\/li>\n<li>Abmessungen: 72 x 42 x 103 cm (L x B x H)<\/li>\n<li>Fassungsverm\u00f6gen des Frischwassertanks: 30 L<\/li>\n<li>Fassungsverm\u00f6gen des Seifenspenders: 5 L<\/li>\n<li>Mit einem Seifenhalter<\/li>\n<li>Mit Fu\u00dfpumpe<\/li>\n<li>Eingebaute Rollen<\/li>\n<li>Zusammenbau erforderlich: Ja<\/li>\n<li><strong>Lieferung umfasst:<\/strong><\/li>\n<li>1 x Campingtoilette<\/li>\n<li>1 x Camping-Handwaschbecken<\/li>\n<\/ul>\n","protected":false},"featured_media":10000054832,"comment_status":"closed","ping_status":"closed","template":"","meta":[],"product_brand":[],"product_cat":[6859,6837,6836],"product_tag":[],"class_list":{"0":"post-54832","1":"product","2":"type-product","3":"status-publish","4":"has-post-thumbnail","6":"product_cat-camping-wandern","7":"product_cat-outdoor-aktivitaeten","8":"product_cat-sportartikel","10":"first","11":"instock","12":"taxable","13":"shipping-taxable","14":"purchasable","15":"product-type-simple","16":"add-to-wishlist-after_add_to_cart"},"jetpack_sharing_enabled":true,"_links":{"self":[{"href":"https:\/\/de-prime.com\/index.php\/wp-json\/wp\/v2\/product\/54832","targetHints":{"allow":["GET"]}}],"collection":[{"href":"https:\/\/de-prime.com\/index.php\/wp-json\/wp\/v2\/product"}],"about":[{"href":"https:\/\/de-prime.com\/index.php\/wp-json\/wp\/v2\/types\/product"}],"replies":[{"embeddable":true,"href":"https:\/\/de-prime.com\/index.php\/wp-json\/wp\/v2\/comments?post=54832"}],"wp:featuredmedia":[{"embeddable":true,"href":"https:\/\/de-prime.com\/index.php\/wp-json\/"}],"wp:attachment":[{"href":"https:\/\/de-prime.com\/index.php\/wp-json\/wp\/v2\/media?parent=54832"}],"wp:term":[{"taxonomy":"product_brand","embeddable":true,"href":"https:\/\/de-prime.com\/index.php\/wp-json\/wp\/v2\/product_brand?post=54832"},{"taxonomy":"product_cat","embeddable":true,"href":"https:\/\/de-prime.com\/index.php\/wp-json\/wp\/v2\/product_cat?post=54832"},{"taxonomy":"product_tag","embeddable":true,"href":"https:\/\/de-prime.com\/index.php\/wp-json\/wp\/v2\/product_tag?post=54832"}],"curies":[{"name":"wp","href":"https:\/\/api.w.org\/{rel}","templated":true}]}}