{"id":54825,"date":"2024-10-01T16:10:43","date_gmt":"2024-10-01T16:10:43","guid":{"rendered":"https:\/\/de-prime.com\/?p=54825"},"modified":"2024-10-01T16:39:47","modified_gmt":"2024-10-01T16:39:47","slug":"tragbare-campingtoilette-mit-waschbecken-und-wasserbehaelter-7","status":"publish","type":"product","link":"https:\/\/de-prime.com\/index.php\/product\/tragbare-campingtoilette-mit-waschbecken-und-wasserbehaelter-7\/","title":{"rendered":"Tragbare Campingtoilette mit Waschbecken und Wasserbeh\u00e4lter"},"content":{"rendered":"<p>Dank seines leichten und kompakten Designs eignet sich dieses Set aus Campingtoilette und Handwaschbecken perfekt f\u00fcr Camping, Ausfl\u00fcge mit dem Wohnmobil, Veranstaltungen usw. Praktische Toilette: Die Toilette verf\u00fcgt \u00fcber einen 20-Liter-F\u00e4kalientank, sodass sie sich von einem Erwachsenen 4-5 Tage verwenden l\u00e4sst. Die mobile Toilette ist mit T-Typ und 3-Wege-Sp\u00fclung ausgestattet, um die Abfallbeseitigung zu erleichtern.Multifunktionales Handwaschbecken: Die Handwaschstation ist mit einem Seifenspender, einem Handtuchhalter und einem Frischwassertank ausgestattet, um unterschiedlichen Bed\u00fcrfnissen gerecht zu werden. Durch Bet\u00e4tigung der Fu\u00dfpumpe wird ein Wasserstrahl erzeugt, um eine m\u00fchelose Bedienung zu gew\u00e4hrleisten.Wasserbeh\u00e4lter auf Rollen: Der Wasserbeh\u00e4lter bietet genug Wasser f\u00fcr Notf\u00e4lle. Mehrere Wasserausl\u00e4sse erm\u00f6glichen ein schnelles Ein- und Ausflie\u00dfen. Der obere Griff und die Rollen erleichtern den Transport.Langlebiges Material: Das Camping-Set besteht aus robustem Polyethylen hoher Dichte, was es sto\u00df- und schlagfest macht und eine lange Lebensdauer gew\u00e4hrleistet.<\/p>\n<ul>\n<li>Farbe: Grau<\/li>\n<li><strong>Camping-Toilette:<\/strong><\/li>\n<li>Material: HDPE (Polyethylen hoher Dichte), PP (Polypropylen)<\/li>\n<li>Abmessungen: 41,5 x 36,5 x 42 cm (L x B x H)<\/li>\n<li>Sitzh\u00f6he: 41,5 cm<\/li>\n<li>Fassungsverm\u00f6gen des F\u00e4kalientanks: 20 L<\/li>\n<li>Fassungsverm\u00f6gen des Frischwassertanks: 10 L<\/li>\n<li>Tragf\u00e4higkeit: 200 kg<\/li>\n<li>Mit 2 seitlichen Verriegelungen<\/li>\n<li>Mit einem Schieberventil<\/li>\n<li>Mit F\u00fcllstandsanzeige<\/li>\n<li>Manuelle Sp\u00fclung<\/li>\n<li>Kolbenpumpe<\/li>\n<li>Drehbarer Auslaufstutzen<\/li>\n<li>T-Typ-Sp\u00fcld\u00fcse<\/li>\n<li><strong>Camping-Waschbecken:<\/strong><\/li>\n<li>Material: HDPE (Polyethylen hoher Dichte), PP (Polypropylen)<\/li>\n<li>Abmessungen: 50,5 x 33 x 103 cm (L x B x H)<\/li>\n<li>Fassungsverm\u00f6gen des Frischwassertanks: 17 L<\/li>\n<li>Fassungsverm\u00f6gen des Seifenspenders: 3 L<\/li>\n<li>Mit einem Handtuchhalter<\/li>\n<li>Mit einem Seifenhalter<\/li>\n<li>Mit Fu\u00dfpumpe<\/li>\n<li>Eingebaute Rollen<\/li>\n<li><strong>Wassertank:<\/strong><\/li>\n<li>Material: HDPE (hochdichtes Polyethylen)<\/li>\n<li>Abmessungen: 106 x 37 x 29 cm (L x B x H)<\/li>\n<li>Fassungsverm\u00f6gen: 75 L<\/li>\n<li>Mit F\u00fcllstandsanzeige, Ablassventil und drehbarem Auslaufstutzen<\/li>\n<li>Zusammenbau erforderlich: Ja<\/li>\n<li><strong>Lieferung umfasst:<\/strong><\/li>\n<li>1 x Campingtoilette<\/li>\n<li>1 x Camping-Handwaschbecken<\/li>\n<li>1 x Wassertank<\/li>\n<\/ul>\n","protected":false},"excerpt":{"rendered":"<ul>\n<li>Farbe: Grau<\/li>\n<li><strong>Camping-Toilette:<\/strong><\/li>\n<li>Material: HDPE (Polyethylen hoher Dichte), PP (Polypropylen)<\/li>\n<li>Abmessungen: 41,5 x 36,5 x 42 cm (L x B x H)<\/li>\n<li>Sitzh\u00f6he: 41,5 cm<\/li>\n<li>Fassungsverm\u00f6gen des F\u00e4kalientanks: 20 L<\/li>\n<li>Fassungsverm\u00f6gen des Frischwassertanks: 10 L<\/li>\n<li>Tragf\u00e4higkeit: 200 kg<\/li>\n<li>Mit 2 seitlichen Verriegelungen<\/li>\n<li>Mit einem Schieberventil<\/li>\n<li>Mit F\u00fcllstandsanzeige<\/li>\n<li>Manuelle Sp\u00fclung<\/li>\n<li>Kolbenpumpe<\/li>\n<li>Drehbarer Auslaufstutzen<\/li>\n<li>T-Typ-Sp\u00fcld\u00fcse<\/li>\n<li><strong>Camping-Waschbecken:<\/strong><\/li>\n<li>Material: HDPE (Polyethylen hoher Dichte), PP (Polypropylen)<\/li>\n<li>Abmessungen: 50,5 x 33 x 103 cm (L x B x H)<\/li>\n<li>Fassungsverm\u00f6gen des Frischwassertanks: 17 L<\/li>\n<li>Fassungsverm\u00f6gen des Seifenspenders: 3 L<\/li>\n<li>Mit einem Handtuchhalter<\/li>\n<li>Mit einem Seifenhalter<\/li>\n<li>Mit Fu\u00dfpumpe<\/li>\n<li>Eingebaute Rollen<\/li>\n<li><strong>Wassertank:<\/strong><\/li>\n<li>Material: HDPE (hochdichtes Polyethylen)<\/li>\n<li>Abmessungen: 106 x 37 x 29 cm (L x B x H)<\/li>\n<li>Fassungsverm\u00f6gen: 75 L<\/li>\n<li>Mit F\u00fcllstandsanzeige, Ablassventil und drehbarem Auslaufstutzen<\/li>\n<li>Zusammenbau erforderlich: Ja<\/li>\n<li><strong>Lieferung umfasst:<\/strong><\/li>\n<li>1 x Campingtoilette<\/li>\n<li>1 x Camping-Handwaschbecken<\/li>\n<li>1 x Wassertank<\/li>\n<\/ul>\n","protected":false},"featured_media":10000054825,"comment_status":"closed","ping_status":"closed","template":"","meta":[],"product_brand":[],"product_cat":[6859,6837,6836],"product_tag":[],"class_list":{"0":"post-54825","1":"product","2":"type-product","3":"status-publish","4":"has-post-thumbnail","6":"product_cat-camping-wandern","7":"product_cat-outdoor-aktivitaeten","8":"product_cat-sportartikel","10":"first","11":"instock","12":"taxable","13":"shipping-taxable","14":"purchasable","15":"product-type-simple","16":"add-to-wishlist-after_add_to_cart"},"jetpack_sharing_enabled":true,"_links":{"self":[{"href":"https:\/\/de-prime.com\/index.php\/wp-json\/wp\/v2\/product\/54825","targetHints":{"allow":["GET"]}}],"collection":[{"href":"https:\/\/de-prime.com\/index.php\/wp-json\/wp\/v2\/product"}],"about":[{"href":"https:\/\/de-prime.com\/index.php\/wp-json\/wp\/v2\/types\/product"}],"replies":[{"embeddable":true,"href":"https:\/\/de-prime.com\/index.php\/wp-json\/wp\/v2\/comments?post=54825"}],"wp:featuredmedia":[{"embeddable":true,"href":"https:\/\/de-prime.com\/index.php\/wp-json\/"}],"wp:attachment":[{"href":"https:\/\/de-prime.com\/index.php\/wp-json\/wp\/v2\/media?parent=54825"}],"wp:term":[{"taxonomy":"product_brand","embeddable":true,"href":"https:\/\/de-prime.com\/index.php\/wp-json\/wp\/v2\/product_brand?post=54825"},{"taxonomy":"product_cat","embeddable":true,"href":"https:\/\/de-prime.com\/index.php\/wp-json\/wp\/v2\/product_cat?post=54825"},{"taxonomy":"product_tag","embeddable":true,"href":"https:\/\/de-prime.com\/index.php\/wp-json\/wp\/v2\/product_tag?post=54825"}],"curies":[{"name":"wp","href":"https:\/\/api.w.org\/{rel}","templated":true}]}}