{"id":54804,"date":"2024-10-01T16:10:41","date_gmt":"2024-10-01T16:10:41","guid":{"rendered":"https:\/\/de-prime.com\/?p=54804"},"modified":"2024-10-01T16:37:36","modified_gmt":"2024-10-01T16:37:36","slug":"tragbares-camping-waschbecken-mit-wasserbehaelter-2","status":"publish","type":"product","link":"https:\/\/de-prime.com\/index.php\/product\/tragbares-camping-waschbecken-mit-wasserbehaelter-2\/","title":{"rendered":"Tragbares Camping-Waschbecken mit Wasserbeh\u00e4lter"},"content":{"rendered":"<p>Mit seinem leichten und kompakten Design eignet sich dieses tragbare Camping-Waschbecken mit Wasserbeh\u00e4lter perfekt f\u00fcr Camping, Wohnmobilreisen, Baustellen, Food-Events, Pop-Kioske usw. Multifunktionales Handwaschbecken: Die Handwaschstation ist mit einem Seifenspender, einem Handtuchhalter und einem Frischwassertank ausgestattet, um unterschiedlichen Bed\u00fcrfnissen gerecht zu werden. Durch Bet\u00e4tigung der Fu\u00dfpumpe wird ein Wasserstrahl erzeugt, um eine m\u00fchelose Bedienung zu gew\u00e4hrleisten.Wasserbeh\u00e4lter auf Rollen: Der Wasserbeh\u00e4lter bietet genug Wasser f\u00fcr Notf\u00e4lle. Mehrere Wasserausl\u00e4sse erm\u00f6glichen ein schnelles Ein- und Ausflie\u00dfen. Der obere Griff und die Rollen erleichtern den Transport.Langlebiges Material: Das Camping-Set besteht aus robustem Polyethylen hoher Dichte, was es sto\u00df- und schlagfest macht und eine lange Lebensdauer gew\u00e4hrleistet. Hinweis:Jedes Produkt wird mit einer Montageanleitung in der Verpackung f\u00fcr eine einfache Montage geliefert.<\/p>\n<ul>\n<li>Farbe: Grau<\/li>\n<li>Material: HDPE, PP (Polyethylen hoher Dichte, Polypropylen)<\/li>\n<li><strong>Camping-Waschbecken:<\/strong><\/li>\n<li>Abmessungen: 72 x 42 x 103 cm (L x B x H)<\/li>\n<li>Fassungsverm\u00f6gen des Frischwassertanks: 30 L<\/li>\n<li>Fassungsverm\u00f6gen des Seifenspenders: 5 L<\/li>\n<li>Mit einem Seifenhalter<\/li>\n<li>Mit Fu\u00dfpumpe<\/li>\n<li>Eingebaute Rollen<\/li>\n<li><strong>Wassertank:<\/strong><\/li>\n<li>Abmessungen: 37,5 x 23 x 80 cm (L x B x H)<\/li>\n<li>Fassungsverm\u00f6gen: 40 L<\/li>\n<li>Durchmesser der Rollen: 17 cm<\/li>\n<li>L\u00e4nge des Verl\u00e4ngerungsrohres: 31 &#8211; 80 cm<\/li>\n<li>Lebensmittelechte Sicherheit<\/li>\n<li>Mit oberem Griff<\/li>\n<li>Mit integrierten F\u00e4chern auf der R\u00fcckseite<\/li>\n<li>Mit speziellen L\u00f6chern f\u00fcr Verl\u00e4ngerung des Griffes<\/li>\n<li>Mit Rollen ausgestattet<\/li>\n<li>Inklusive Verl\u00e4ngerungsrohr und Wasserhahn<\/li>\n<\/ul>\n","protected":false},"excerpt":{"rendered":"<ul>\n<li>Farbe: Grau<\/li>\n<li>Material: HDPE, PP (Polyethylen hoher Dichte, Polypropylen)<\/li>\n<li><strong>Camping-Waschbecken:<\/strong><\/li>\n<li>Abmessungen: 72 x 42 x 103 cm (L x B x H)<\/li>\n<li>Fassungsverm\u00f6gen des Frischwassertanks: 30 L<\/li>\n<li>Fassungsverm\u00f6gen des Seifenspenders: 5 L<\/li>\n<li>Mit einem Seifenhalter<\/li>\n<li>Mit Fu\u00dfpumpe<\/li>\n<li>Eingebaute Rollen<\/li>\n<li><strong>Wassertank:<\/strong><\/li>\n<li>Abmessungen: 37,5 x 23 x 80 cm (L x B x H)<\/li>\n<li>Fassungsverm\u00f6gen: 40 L<\/li>\n<li>Durchmesser der Rollen: 17 cm<\/li>\n<li>L\u00e4nge des Verl\u00e4ngerungsrohres: 31 &#8211; 80 cm<\/li>\n<li>Lebensmittelechte Sicherheit<\/li>\n<li>Mit oberem Griff<\/li>\n<li>Mit integrierten F\u00e4chern auf der R\u00fcckseite<\/li>\n<li>Mit speziellen L\u00f6chern f\u00fcr Verl\u00e4ngerung des Griffes<\/li>\n<li>Mit Rollen ausgestattet<\/li>\n<li>Inklusive Verl\u00e4ngerungsrohr und Wasserhahn<\/li>\n<\/ul>\n","protected":false},"featured_media":10000054804,"comment_status":"closed","ping_status":"closed","template":"","meta":[],"product_brand":[],"product_cat":[6859,6837,6836],"product_tag":[],"class_list":{"0":"post-54804","1":"product","2":"type-product","3":"status-publish","4":"has-post-thumbnail","6":"product_cat-camping-wandern","7":"product_cat-outdoor-aktivitaeten","8":"product_cat-sportartikel","10":"first","11":"instock","12":"taxable","13":"shipping-taxable","14":"purchasable","15":"product-type-simple","16":"add-to-wishlist-after_add_to_cart"},"jetpack_sharing_enabled":true,"_links":{"self":[{"href":"https:\/\/de-prime.com\/index.php\/wp-json\/wp\/v2\/product\/54804","targetHints":{"allow":["GET"]}}],"collection":[{"href":"https:\/\/de-prime.com\/index.php\/wp-json\/wp\/v2\/product"}],"about":[{"href":"https:\/\/de-prime.com\/index.php\/wp-json\/wp\/v2\/types\/product"}],"replies":[{"embeddable":true,"href":"https:\/\/de-prime.com\/index.php\/wp-json\/wp\/v2\/comments?post=54804"}],"wp:featuredmedia":[{"embeddable":true,"href":"https:\/\/de-prime.com\/index.php\/wp-json\/"}],"wp:attachment":[{"href":"https:\/\/de-prime.com\/index.php\/wp-json\/wp\/v2\/media?parent=54804"}],"wp:term":[{"taxonomy":"product_brand","embeddable":true,"href":"https:\/\/de-prime.com\/index.php\/wp-json\/wp\/v2\/product_brand?post=54804"},{"taxonomy":"product_cat","embeddable":true,"href":"https:\/\/de-prime.com\/index.php\/wp-json\/wp\/v2\/product_cat?post=54804"},{"taxonomy":"product_tag","embeddable":true,"href":"https:\/\/de-prime.com\/index.php\/wp-json\/wp\/v2\/product_tag?post=54804"}],"curies":[{"name":"wp","href":"https:\/\/api.w.org\/{rel}","templated":true}]}}