{"id":54797,"date":"2024-10-01T16:10:40","date_gmt":"2024-10-01T16:10:40","guid":{"rendered":"https:\/\/de-prime.com\/?p=54797"},"modified":"2024-10-01T16:37:22","modified_gmt":"2024-10-01T16:37:22","slug":"baelle-fuer-baellebad-250-stk-mehrfarbig-2","status":"publish","type":"product","link":"https:\/\/de-prime.com\/index.php\/product\/baelle-fuer-baellebad-250-stk-mehrfarbig-2\/","title":{"rendered":"B\u00e4lle f\u00fcr B\u00e4llebad 250 Stk. Mehrfarbig"},"content":{"rendered":"<p>Stell dir vor, wie viel Freude die Kleinen beim Spielen mit diesen B\u00e4llebad-B\u00e4llen haben werden! Die Poolb\u00e4lle bestehen aus PE, das langlebig und leicht ist. Mit einem Durchmesser von 6 cm k\u00f6nnen Ihre Kinder die B\u00e4lle leicht greifen, aber nicht verschlucken. Nachdem sie gedr\u00fcckt werden, nehmen die Spielb\u00e4lle ihre urspr\u00fcngliche Form wieder an. F\u00fcllen Sie Babypools, Kinderspielzelte, Planschbecken und vieles mehr mit diesen Spielb\u00e4llen und genie\u00dfen Sie dann stundenlangen Spa\u00df!<\/p>\n<ul>\n<li>Farbe: Wei\u00df, Grau und Minzgr\u00fcn<\/li>\n<li>Material: 100% PE<\/li>\n<li>Durchmesser: 6 cm<\/li>\n<li>Gewicht: je 5 g<\/li>\n<li><strong>Lieferung umfasst:<\/strong><\/li>\n<li>250 x Spielball<\/li>\n<\/ul>\n","protected":false},"excerpt":{"rendered":"<ul>\n<li>Farbe: Wei\u00df, Grau und Minzgr\u00fcn<\/li>\n<li>Material: 100% PE<\/li>\n<li>Durchmesser: 6 cm<\/li>\n<li>Gewicht: je 5 g<\/li>\n<li><strong>Lieferung umfasst:<\/strong><\/li>\n<li>250 x Spielball<\/li>\n<\/ul>\n","protected":false},"featured_media":10000054797,"comment_status":"closed","ping_status":"closed","template":"","meta":[],"product_brand":[],"product_cat":[5871,6858,6853,6852],"product_tag":[],"class_list":{"0":"post-54797","1":"product","2":"type-product","3":"status-publish","4":"has-post-thumbnail","6":"product_cat-baelle-fuer-baellebad","7":"product_cat-baellebad-zubehoer","8":"product_cat-spielzeuge","9":"product_cat-spielzeuge-spiele","11":"first","12":"instock","13":"taxable","14":"shipping-taxable","15":"purchasable","16":"product-type-simple","17":"add-to-wishlist-after_add_to_cart"},"jetpack_sharing_enabled":true,"_links":{"self":[{"href":"https:\/\/de-prime.com\/index.php\/wp-json\/wp\/v2\/product\/54797","targetHints":{"allow":["GET"]}}],"collection":[{"href":"https:\/\/de-prime.com\/index.php\/wp-json\/wp\/v2\/product"}],"about":[{"href":"https:\/\/de-prime.com\/index.php\/wp-json\/wp\/v2\/types\/product"}],"replies":[{"embeddable":true,"href":"https:\/\/de-prime.com\/index.php\/wp-json\/wp\/v2\/comments?post=54797"}],"wp:featuredmedia":[{"embeddable":true,"href":"https:\/\/de-prime.com\/index.php\/wp-json\/"}],"wp:attachment":[{"href":"https:\/\/de-prime.com\/index.php\/wp-json\/wp\/v2\/media?parent=54797"}],"wp:term":[{"taxonomy":"product_brand","embeddable":true,"href":"https:\/\/de-prime.com\/index.php\/wp-json\/wp\/v2\/product_brand?post=54797"},{"taxonomy":"product_cat","embeddable":true,"href":"https:\/\/de-prime.com\/index.php\/wp-json\/wp\/v2\/product_cat?post=54797"},{"taxonomy":"product_tag","embeddable":true,"href":"https:\/\/de-prime.com\/index.php\/wp-json\/wp\/v2\/product_tag?post=54797"}],"curies":[{"name":"wp","href":"https:\/\/api.w.org\/{rel}","templated":true}]}}