{"id":54787,"date":"2024-10-01T16:10:39","date_gmt":"2024-10-01T16:10:39","guid":{"rendered":"https:\/\/de-prime.com\/?p=54787"},"modified":"2024-10-03T16:03:46","modified_gmt":"2024-10-03T14:03:46","slug":"15-tlg-kinder-doktorspiel-set-38-x-30-x-675-cm","status":"publish","type":"product","link":"https:\/\/de-prime.com\/index.php\/product\/15-tlg-kinder-doktorspiel-set-38-x-30-x-675-cm\/","title":{"rendered":"15-tlg. Kinder-Doktorspiel-Set 38 x 30 x 67,5 cm"},"content":{"rendered":"<p>Unser Arztspiel-Set macht mit seinen leuchtenden Farben und attraktiven Funktionen Kindern nicht nur unendlich viel Spa\u00df, sondern f\u00f6rdert auch ihre Unabh\u00e4ngigkeit und Bedienf\u00e4higkeiten. Es wird Ihren Kleinkindern Stunden und Stunden einfallsreicher Spielzeit bringen und ist perfekt zum Aus\u00fcben von Rollenspielen mit Freunden und Eltern geeignet. Das wundersch\u00f6ne medizinische Spielset, in hellen Farben und mit attraktiven Funktionen, wird mit 14 naturgetreuen medizinischen Ger\u00e4ten und Zubeh\u00f6rteilen wie Stethoskop, Brille, Pillen- und Vitaminboxen, Pinzette, Schere, Otoskop, Mundlinse, usw. geliefert. W\u00e4hrend des Spiels m\u00fcssen sich Ihre Kleinen mit Sachen wie Teamkoordination, Kommunikation und mehr auseinandersetzen! Bringen Sie dieses unterhaltsame und innovative Arztspielset mit nach Hause und erf\u00fcllen Sie den Traum Ihres kleinen Arztes!<\/p>\n<ul>\n<li>Farbe: Mehrfarbig<\/li>\n<li>Material: Kunststoff<\/li>\n<li>Gesamtma\u00dfe: 38 x 30 x 67,5 cm (L x B x H)<\/li>\n<li>Stabile Konstruktion<\/li>\n<li>Mit Ablageboden<\/li>\n<li>Helle Farben und attraktive Funktionen<\/li>\n<li><strong>Mit 14 lebensechten medizinischen Ger\u00e4ten und Zubeh\u00f6r<\/strong>:<\/li>\n<li>1x Stethoskop<\/li>\n<li>1 x Brille<\/li>\n<li>4 x Pillen- und Vitaminboxen<\/li>\n<li>1 x Pinzette<\/li>\n<li>2 x Schere<\/li>\n<li>1 x Otoskop<\/li>\n<li>1 x Mundlinse<\/li>\n<li>1 x Thermometer<\/li>\n<li>1 x Schlaghammer<\/li>\n<li>2 x Spritze<\/li>\n<li>WARNHINWEIS: Nicht f\u00fcr Kinder unter 36 Monaten geeignet.<\/li>\n<li>WARNHINWEIS: Benutzung unter unmittelbarer Aufsicht von Erwachsenen.<\/li>\n<\/ul>\n","protected":false},"excerpt":{"rendered":"<ul>\n<li>Farbe: Mehrfarbig<\/li>\n<li>Material: Kunststoff<\/li>\n<li>Gesamtma\u00dfe: 38 x 30 x 67,5 cm (L x B x H)<\/li>\n<li>Stabile Konstruktion<\/li>\n<li>Mit Ablageboden<\/li>\n<li>Helle Farben und attraktive Funktionen<\/li>\n<li><strong>Mit 14 lebensechten medizinischen Ger\u00e4ten und Zubeh\u00f6r<\/strong>:<\/li>\n<li>1x Stethoskop<\/li>\n<li>1 x Brille<\/li>\n<li>4 x Pillen- und Vitaminboxen<\/li>\n<li>1 x Pinzette<\/li>\n<li>2 x Schere<\/li>\n<li>1 x Otoskop<\/li>\n<li>1 x Mundlinse<\/li>\n<li>1 x Thermometer<\/li>\n<li>1 x Schlaghammer<\/li>\n<li>2 x Spritze<\/li>\n<li>WARNHINWEIS: Nicht f\u00fcr Kinder unter 36 Monaten geeignet.<\/li>\n<li>WARNHINWEIS: Benutzung unter unmittelbarer Aufsicht von Erwachsenen.<\/li>\n<\/ul>\n","protected":false},"featured_media":10000054787,"comment_status":"closed","ping_status":"closed","template":"","meta":[],"product_brand":[],"product_cat":[5819,6854,6853,6852],"product_tag":[],"class_list":{"0":"post-54787","1":"product","2":"type-product","3":"status-publish","4":"has-post-thumbnail","6":"product_cat-berufespielzeug-rollenspiele","7":"product_cat-kinder-rollenspiele","8":"product_cat-spielzeuge","9":"product_cat-spielzeuge-spiele","11":"first","12":"instock","13":"taxable","14":"shipping-taxable","15":"purchasable","16":"product-type-simple","17":"add-to-wishlist-after_add_to_cart"},"jetpack_sharing_enabled":true,"_links":{"self":[{"href":"https:\/\/de-prime.com\/index.php\/wp-json\/wp\/v2\/product\/54787","targetHints":{"allow":["GET"]}}],"collection":[{"href":"https:\/\/de-prime.com\/index.php\/wp-json\/wp\/v2\/product"}],"about":[{"href":"https:\/\/de-prime.com\/index.php\/wp-json\/wp\/v2\/types\/product"}],"replies":[{"embeddable":true,"href":"https:\/\/de-prime.com\/index.php\/wp-json\/wp\/v2\/comments?post=54787"}],"wp:featuredmedia":[{"embeddable":true,"href":"https:\/\/de-prime.com\/index.php\/wp-json\/"}],"wp:attachment":[{"href":"https:\/\/de-prime.com\/index.php\/wp-json\/wp\/v2\/media?parent=54787"}],"wp:term":[{"taxonomy":"product_brand","embeddable":true,"href":"https:\/\/de-prime.com\/index.php\/wp-json\/wp\/v2\/product_brand?post=54787"},{"taxonomy":"product_cat","embeddable":true,"href":"https:\/\/de-prime.com\/index.php\/wp-json\/wp\/v2\/product_cat?post=54787"},{"taxonomy":"product_tag","embeddable":true,"href":"https:\/\/de-prime.com\/index.php\/wp-json\/wp\/v2\/product_tag?post=54787"}],"curies":[{"name":"wp","href":"https:\/\/api.w.org\/{rel}","templated":true}]}}