{"id":54785,"date":"2024-10-01T16:10:39","date_gmt":"2024-10-01T16:10:39","guid":{"rendered":"https:\/\/de-prime.com\/?p=54785"},"modified":"2024-10-01T16:37:32","modified_gmt":"2024-10-01T16:37:32","slug":"kinder-schminktisch-mit-3-spiegeln-und-licht-ton","status":"publish","type":"product","link":"https:\/\/de-prime.com\/index.php\/product\/kinder-schminktisch-mit-3-spiegeln-und-licht-ton\/","title":{"rendered":"Kinder-Schminktisch mit 3 Spiegeln und Licht\/Ton"},"content":{"rendered":"<p>Bringen Sie mit diesem Spiel-Kosmetiktisch einen Hauch von Glamour in das Kinderzimmer! Ihr kleiner Make-up-Enthusiast oder Haark\u00fcnstler kann sich an diesem bruchsicheren Kunststoff Kosmetiktisch, der sicher und funktionell ist, sch\u00f6n machen. Der Schminktisch verf\u00fcgt \u00fcber batteriebetriebene, knopfbet\u00e4tigte Leuchten zur Beleuchtung des Spiegels. Wenn der herzf\u00f6rmige Knopf oben gedr\u00fcckt wird, werden die Spiegelw\u00e4nde ge\u00f6ffnet, Musik ert\u00f6nt und der Spiegelrahmen beginnt aufzuleuchten. Au\u00dferdem funktioniert der s\u00fc\u00dfe F\u00f6hn tats\u00e4chlich wie ein echter! Am Tisch befindet sich auch eine ausziehbare Schublade f\u00fcr die Aufbewahrung der Sch\u00f6nheitsartikel, die im Lieferumfang mit dabei sind. Die robuste Konstruktion macht es langlebig und leicht zu reinigen. Ihre Kinder werden es lieben, an diesem Schminktisch zu spielen; dieser wird ihnen helfen, spielerisch kommunikative und soziale F\u00e4higkeiten zu entwickeln. Es ist f\u00fcr Kinder ab 3 Jahren geeignet. Dieser Spielzeugkosmetiktisch ben\u00f6tigt 5 x AA-Batterien, die nicht im Lieferumfang enthalten sind. Die Lieferung beinhaltet: 1 x Spielzeug-Kosmetisch, 1 x Hocker, 1 x F\u00f6hn, 3 x Nagellacke, 2 x Armb\u00e4nder, 2 x Lippenstifte, 3 x Ringe, 2 x Haarb\u00e4nder, 1 x Halskette und 1 x Kamm.<\/p>\n<ul>\n<li>Material: Kunststoff<\/li>\n<li>Farbe: Rosa + blau<\/li>\n<li>Gr\u00f6\u00dfe: 45 x 25 x 71,5 cm (L x B x H)<\/li>\n<li>Mit 3 Spiegeln<\/li>\n<li>Mit Licht- und Soundeffekten<\/li>\n<li>Empfohlenes Alter: ab 3 Jahren<\/li>\n<li>Batteriebetrieben: 5 x AA-Batterien (nicht im Lieferumfang enthalten)<\/li>\n<li>Einfache Endmontage<\/li>\n<li>Die Lieferung beinhaltet: 1 x Spielzeug-Schminktisch, 1 x Hocker, 1 x F\u00f6hn, 3 x Nagellacke, 2 x Armb\u00e4nder, 2 x Lippenstifte, 3 x Ringe, 2 x Haarb\u00e4nder, 1 x Halskette, 1 x Kamm<\/li>\n<li>WARNHINWEIS: Nicht f\u00fcr Kinder unter 36 Monaten geeignet.<\/li>\n<\/ul>\n","protected":false},"excerpt":{"rendered":"<ul>\n<li>Material: Kunststoff<\/li>\n<li>Farbe: Rosa + blau<\/li>\n<li>Gr\u00f6\u00dfe: 45 x 25 x 71,5 cm (L x B x H)<\/li>\n<li>Mit 3 Spiegeln<\/li>\n<li>Mit Licht- und Soundeffekten<\/li>\n<li>Empfohlenes Alter: ab 3 Jahren<\/li>\n<li>Batteriebetrieben: 5 x AA-Batterien (nicht im Lieferumfang enthalten)<\/li>\n<li>Einfache Endmontage<\/li>\n<li>Die Lieferung beinhaltet: 1 x Spielzeug-Schminktisch, 1 x Hocker, 1 x F\u00f6hn, 3 x Nagellacke, 2 x Armb\u00e4nder, 2 x Lippenstifte, 3 x Ringe, 2 x Haarb\u00e4nder, 1 x Halskette, 1 x Kamm<\/li>\n<li>WARNHINWEIS: Nicht f\u00fcr Kinder unter 36 Monaten geeignet.<\/li>\n<\/ul>\n","protected":false},"featured_media":10000054785,"comment_status":"closed","ping_status":"closed","template":"","meta":[],"product_brand":[],"product_cat":[5819,6854,6853,6852],"product_tag":[],"class_list":{"0":"post-54785","1":"product","2":"type-product","3":"status-publish","4":"has-post-thumbnail","6":"product_cat-berufespielzeug-rollenspiele","7":"product_cat-kinder-rollenspiele","8":"product_cat-spielzeuge","9":"product_cat-spielzeuge-spiele","11":"first","12":"instock","13":"taxable","14":"shipping-taxable","15":"purchasable","16":"product-type-simple","17":"add-to-wishlist-after_add_to_cart"},"jetpack_sharing_enabled":true,"_links":{"self":[{"href":"https:\/\/de-prime.com\/index.php\/wp-json\/wp\/v2\/product\/54785","targetHints":{"allow":["GET"]}}],"collection":[{"href":"https:\/\/de-prime.com\/index.php\/wp-json\/wp\/v2\/product"}],"about":[{"href":"https:\/\/de-prime.com\/index.php\/wp-json\/wp\/v2\/types\/product"}],"replies":[{"embeddable":true,"href":"https:\/\/de-prime.com\/index.php\/wp-json\/wp\/v2\/comments?post=54785"}],"wp:featuredmedia":[{"embeddable":true,"href":"https:\/\/de-prime.com\/index.php\/wp-json\/"}],"wp:attachment":[{"href":"https:\/\/de-prime.com\/index.php\/wp-json\/wp\/v2\/media?parent=54785"}],"wp:term":[{"taxonomy":"product_brand","embeddable":true,"href":"https:\/\/de-prime.com\/index.php\/wp-json\/wp\/v2\/product_brand?post=54785"},{"taxonomy":"product_cat","embeddable":true,"href":"https:\/\/de-prime.com\/index.php\/wp-json\/wp\/v2\/product_cat?post=54785"},{"taxonomy":"product_tag","embeddable":true,"href":"https:\/\/de-prime.com\/index.php\/wp-json\/wp\/v2\/product_tag?post=54785"}],"curies":[{"name":"wp","href":"https:\/\/api.w.org\/{rel}","templated":true}]}}