{"id":54783,"date":"2024-10-01T16:10:39","date_gmt":"2024-10-01T16:10:39","guid":{"rendered":"https:\/\/de-prime.com\/?p=54783"},"modified":"2024-10-01T16:37:31","modified_gmt":"2024-10-01T16:37:31","slug":"step2-kinder-werkbank-handy-helpers-workbench","status":"publish","type":"product","link":"https:\/\/de-prime.com\/index.php\/product\/step2-kinder-werkbank-handy-helpers-workbench\/","title":{"rendered":"Step2 Kinder-Werkbank Handy Helper&#8217;s Workbench"},"content":{"rendered":"<p>Diese Handy Helper&#8217;s Kinder-Werkbank von Step2 ist ein hervorragendes Spielzeug-Set f\u00fcr Kinder mit einer Leidenschaft f\u00fcr echte Werkzeuge. Sie verf\u00fcgt \u00fcber einen 4-teiligen Baukasten aus realistischem Schaumholz, um die Kleinen auf Trab zu halten. Die Kinder-Werkbank entwickelt die Feinmotorik, w\u00e4hrend Kinder mit der Bohrerhalterung, dem elektronischen Bohrer und dem Schraubstock spielen. Sie regt die Fantasie der Kleinen auch stundenlang an! Die Handy Helper&#8217;s Spielzeug-Werkbank verf\u00fcgt \u00fcber ein Ablagefach f\u00fcr Zubeh\u00f6rteile und ein Steckbrett mit Haken zum ordentlichen Aufh\u00e4ngen der Werkzeuge. Sie ben\u00f6tigt zwei AA-Batterien (nicht im Lieferumfang enthalten). Im Lieferumfang ist ein 22-teiliges Zubeh\u00f6r-Set enthalten.<\/p>\n<ul>\n<li>Farbe: Mehrfarbig<\/li>\n<li>Material: Roto-geformter Kunststoff<\/li>\n<li>Abmessungen: 67,3 x 26,7 x 89,5 cm (L x B x H)<\/li>\n<li>Kinder-Werkbank mit integrierten Schraubenl\u00f6chern, Bohrerhalterung und echtem Schraubstock<\/li>\n<li>Bohrmaschine<\/li>\n<li>Steckbrett mit Haken<\/li>\n<li>Ablagefach und unterer Stauraum<\/li>\n<li>4-teiliger, realistischer Baukasten in Holzoptik<\/li>\n<li>Erforderliche Batterie: 2 x AA Batterie (nicht im Lieferumfang enthalten)<\/li>\n<li>Lieferung umfasst: 22-teiliges Zubeh\u00f6r-Set<\/li>\n<li>WARNHINWEIS: Nicht f\u00fcr Kinder unter 36 Monaten geeignet.<\/li>\n<li>WARNHINWEIS: Nur f\u00fcr den Hausgebrauch.<\/li>\n<li>WARNHINWEIS: Benutzung unter unmittelbarer Aufsicht von Erwachsenen.<\/li>\n<\/ul>\n","protected":false},"excerpt":{"rendered":"<ul>\n<li>Farbe: Mehrfarbig<\/li>\n<li>Material: Roto-geformter Kunststoff<\/li>\n<li>Abmessungen: 67,3 x 26,7 x 89,5 cm (L x B x H)<\/li>\n<li>Kinder-Werkbank mit integrierten Schraubenl\u00f6chern, Bohrerhalterung und echtem Schraubstock<\/li>\n<li>Bohrmaschine<\/li>\n<li>Steckbrett mit Haken<\/li>\n<li>Ablagefach und unterer Stauraum<\/li>\n<li>4-teiliger, realistischer Baukasten in Holzoptik<\/li>\n<li>Erforderliche Batterie: 2 x AA Batterie (nicht im Lieferumfang enthalten)<\/li>\n<li>Lieferung umfasst: 22-teiliges Zubeh\u00f6r-Set<\/li>\n<li>WARNHINWEIS: Nicht f\u00fcr Kinder unter 36 Monaten geeignet.<\/li>\n<li>WARNHINWEIS: Nur f\u00fcr den Hausgebrauch.<\/li>\n<li>WARNHINWEIS: Benutzung unter unmittelbarer Aufsicht von Erwachsenen.<\/li>\n<\/ul>\n","protected":false},"featured_media":10000054783,"comment_status":"closed","ping_status":"closed","template":"","meta":[],"product_brand":[],"product_cat":[5819,6854,6853,6852],"product_tag":[],"class_list":{"0":"post-54783","1":"product","2":"type-product","3":"status-publish","4":"has-post-thumbnail","6":"product_cat-berufespielzeug-rollenspiele","7":"product_cat-kinder-rollenspiele","8":"product_cat-spielzeuge","9":"product_cat-spielzeuge-spiele","11":"first","12":"outofstock","13":"taxable","14":"shipping-taxable","15":"purchasable","16":"product-type-simple","17":"add-to-wishlist-after_add_to_cart"},"jetpack_sharing_enabled":true,"_links":{"self":[{"href":"https:\/\/de-prime.com\/index.php\/wp-json\/wp\/v2\/product\/54783","targetHints":{"allow":["GET"]}}],"collection":[{"href":"https:\/\/de-prime.com\/index.php\/wp-json\/wp\/v2\/product"}],"about":[{"href":"https:\/\/de-prime.com\/index.php\/wp-json\/wp\/v2\/types\/product"}],"replies":[{"embeddable":true,"href":"https:\/\/de-prime.com\/index.php\/wp-json\/wp\/v2\/comments?post=54783"}],"wp:featuredmedia":[{"embeddable":true,"href":"https:\/\/de-prime.com\/index.php\/wp-json\/"}],"wp:attachment":[{"href":"https:\/\/de-prime.com\/index.php\/wp-json\/wp\/v2\/media?parent=54783"}],"wp:term":[{"taxonomy":"product_brand","embeddable":true,"href":"https:\/\/de-prime.com\/index.php\/wp-json\/wp\/v2\/product_brand?post=54783"},{"taxonomy":"product_cat","embeddable":true,"href":"https:\/\/de-prime.com\/index.php\/wp-json\/wp\/v2\/product_cat?post=54783"},{"taxonomy":"product_tag","embeddable":true,"href":"https:\/\/de-prime.com\/index.php\/wp-json\/wp\/v2\/product_tag?post=54783"}],"curies":[{"name":"wp","href":"https:\/\/api.w.org\/{rel}","templated":true}]}}