{"id":54782,"date":"2024-10-01T16:10:39","date_gmt":"2024-10-01T16:10:39","guid":{"rendered":"https:\/\/de-prime.com\/?p=54782"},"modified":"2024-10-01T16:40:32","modified_gmt":"2024-10-01T16:40:32","slug":"xq-max-trainingsrad-mit-weichen-griffen-schwarz","status":"publish","type":"product","link":"https:\/\/de-prime.com\/index.php\/product\/xq-max-trainingsrad-mit-weichen-griffen-schwarz\/","title":{"rendered":"XQ Max Trainingsrad mit Weichen Griffen Schwarz"},"content":{"rendered":"<p>Dieses XQ Max Trainingsrad mit weichen Griffen ist ein perfekter Bauchmuskeltrainer, mit dem du deine Bauchmuskeln, Schultern und deinen Trizeps trainieren kannst. Das leichtg\u00e4ngige Zwei-Wege-Trainingsrad bietet ein effektives Training f\u00fcr Bauchmuskeln, Trizeps und Schultern zur gleichen Zeit! Es strafft sogar die Muskeln der unteren Bauchmuskeln, die besonders schwer zu trainieren sind. Der Ab Roller ist perfekt f\u00fcr Fitness\u00fcbungen zu Hause geeignet. Dank der mitgelieferten Kniematte werden auch Knie vor Verletzungen gesch\u00fctzt.<\/p>\n<ul>\n<li>Farbe: Schwarz<\/li>\n<li>Material: Polypropylen und Stahl<\/li>\n<li>Abmessungen (Rad): 18 x 2,2 cm (Durchm. x T)<\/li>\n<li>Abmessungen (Matte): 34 x 17 x 1 cm (B x T x H)<\/li>\n<li><strong>Lieferung beinhaltet:<\/strong><\/li>\n<li>2 x PP-R\u00e4der<\/li>\n<li>2 x EVA-Griffe<\/li>\n<li>1x Stahlrohr<\/li>\n<li>1 x Kniematte<\/li>\n<\/ul>\n","protected":false},"excerpt":{"rendered":"<ul>\n<li>Farbe: Schwarz<\/li>\n<li>Material: Polypropylen und Stahl<\/li>\n<li>Abmessungen (Rad): 18 x 2,2 cm (Durchm. x T)<\/li>\n<li>Abmessungen (Matte): 34 x 17 x 1 cm (B x T x H)<\/li>\n<li><strong>Lieferung beinhaltet:<\/strong><\/li>\n<li>2 x PP-R\u00e4der<\/li>\n<li>2 x EVA-Griffe<\/li>\n<li>1x Stahlrohr<\/li>\n<li>1 x Kniematte<\/li>\n<\/ul>\n","protected":false},"featured_media":10000054782,"comment_status":"closed","ping_status":"closed","template":"","meta":[],"product_brand":[],"product_cat":[6851,6846,6836],"product_tag":[],"class_list":{"0":"post-54782","1":"product","2":"type-product","3":"status-publish","4":"has-post-thumbnail","6":"product_cat-bauchtrainer","7":"product_cat-fitness","8":"product_cat-sportartikel","10":"first","11":"instock","12":"taxable","13":"shipping-taxable","14":"purchasable","15":"product-type-simple","16":"add-to-wishlist-after_add_to_cart"},"jetpack_sharing_enabled":true,"_links":{"self":[{"href":"https:\/\/de-prime.com\/index.php\/wp-json\/wp\/v2\/product\/54782","targetHints":{"allow":["GET"]}}],"collection":[{"href":"https:\/\/de-prime.com\/index.php\/wp-json\/wp\/v2\/product"}],"about":[{"href":"https:\/\/de-prime.com\/index.php\/wp-json\/wp\/v2\/types\/product"}],"replies":[{"embeddable":true,"href":"https:\/\/de-prime.com\/index.php\/wp-json\/wp\/v2\/comments?post=54782"}],"wp:featuredmedia":[{"embeddable":true,"href":"https:\/\/de-prime.com\/index.php\/wp-json\/"}],"wp:attachment":[{"href":"https:\/\/de-prime.com\/index.php\/wp-json\/wp\/v2\/media?parent=54782"}],"wp:term":[{"taxonomy":"product_brand","embeddable":true,"href":"https:\/\/de-prime.com\/index.php\/wp-json\/wp\/v2\/product_brand?post=54782"},{"taxonomy":"product_cat","embeddable":true,"href":"https:\/\/de-prime.com\/index.php\/wp-json\/wp\/v2\/product_cat?post=54782"},{"taxonomy":"product_tag","embeddable":true,"href":"https:\/\/de-prime.com\/index.php\/wp-json\/wp\/v2\/product_tag?post=54782"}],"curies":[{"name":"wp","href":"https:\/\/api.w.org\/{rel}","templated":true}]}}