{"id":54773,"date":"2024-10-01T16:10:38","date_gmt":"2024-10-01T16:10:38","guid":{"rendered":"https:\/\/de-prime.com\/?p=54773"},"modified":"2024-10-01T16:39:47","modified_gmt":"2024-10-01T16:39:47","slug":"basketballstaender-schwarz-258-363-cm-polyethylen","status":"publish","type":"product","link":"https:\/\/de-prime.com\/index.php\/product\/basketballstaender-schwarz-258-363-cm-polyethylen\/","title":{"rendered":"Basketballst\u00e4nder Schwarz 258-363 cm Polyethylen"},"content":{"rendered":"<p>M\u00f6chtest du jederzeit und \u00fcberall mit deinen Freunden Basketball spielen? Dann ist dieser verstellbare Basketballst\u00e4nder die perfekte Wahl! Langlebiges Material: Der Basketballst\u00e4nder ist aus Polyethylen gefertigt. Polyethylen ist das am weitesten verbreitete Kunststoffmaterial. Es ist praktisch, da es UV-best\u00e4ndig, leicht und pflegeleicht ist. Der klassische Basketballkorb aus Stahl ist mit einem wetterfesten Nylonnetz versehen und daher auf eine lange Lebensdauer ausgelegt.H\u00f6henverstellbar: Der Basketballst\u00e4nder l\u00e4sst sich in der H\u00f6he verstellen und daher an die K\u00f6rpergr\u00f6\u00dfe verschiedener Spieler anpassen. Dieser Basketballst\u00e4nder ist von 258 cm bis 363 cm h\u00f6henverstellbar.Leichter Transport: Der Sockel ist mit eingebauten Rollen versehen, sodass sich der Basketballst\u00e4nder einfach transportieren l\u00e4sst.Stabiler Sockel: Dank des dreieckigen Sockels ist der tragbare Basketballst\u00e4nder sehr stabil. Der Sockel kann mit Wasser oder Sand gef\u00fcllt werden, um den Basketballst\u00e4nder sogar noch stabiler zu machen.Breite Anwendung: Dieser Basketballst\u00e4nder kann in einer Turnhalle f\u00fcr Indoor-Training oder im Hinterhof aufgestellt werden, um Wettbewerbe mit Freunden zu genie\u00dfen. Hinweis:Jedes Produkt wird mit einer Montageanleitung in der Verpackung f\u00fcr eine einfache Montage geliefert.<\/p>\n<ul>\n<li>Farbe: Schwarz, Wei\u00df, Rot, Blau<\/li>\n<li>Material: Polyethylen, Stahl, Nylon<\/li>\n<li>Abmessungen der R\u00fcckbrettes: 109 x 71 x 3 cm (L x B x T)<\/li>\n<li>Abmessungen des Sockels: 109 x 52 x 12 cm (L x B x H)<\/li>\n<li>Korb-Durchmesser: 45 cm<\/li>\n<li>Min. \/ max. Gesamth\u00f6he: 258 \/ 363 cm<\/li>\n<li>Min. \/ max. Korbh\u00f6he: 200 \/ 305 cm<\/li>\n<li>Sockel kann mit Sand (40 kg) oder Wasser (35 kg) bef\u00fcllt werden<\/li>\n<li>Mit eingebauten Rollen<\/li>\n<\/ul>\n","protected":false},"excerpt":{"rendered":"<ul>\n<li>Farbe: Schwarz, Wei\u00df, Rot, Blau<\/li>\n<li>Material: Polyethylen, Stahl, Nylon<\/li>\n<li>Abmessungen der R\u00fcckbrettes: 109 x 71 x 3 cm (L x B x T)<\/li>\n<li>Abmessungen des Sockels: 109 x 52 x 12 cm (L x B x H)<\/li>\n<li>Korb-Durchmesser: 45 cm<\/li>\n<li>Min. \/ max. Gesamth\u00f6he: 258 \/ 363 cm<\/li>\n<li>Min. \/ max. Korbh\u00f6he: 200 \/ 305 cm<\/li>\n<li>Sockel kann mit Sand (40 kg) oder Wasser (35 kg) bef\u00fcllt werden<\/li>\n<li>Mit eingebauten Rollen<\/li>\n<\/ul>\n","protected":false},"featured_media":10000054773,"comment_status":"closed","ping_status":"closed","template":"","meta":[],"product_brand":[],"product_cat":[6848,6849,5805,6836],"product_tag":[],"class_list":{"0":"post-54773","1":"product","2":"type-product","3":"status-publish","4":"has-post-thumbnail","6":"product_cat-athletik","7":"product_cat-basketball","8":"product_cat-basketballkoerbe","9":"product_cat-sportartikel","11":"first","12":"instock","13":"taxable","14":"shipping-taxable","15":"purchasable","16":"product-type-simple","17":"add-to-wishlist-after_add_to_cart"},"jetpack_sharing_enabled":true,"_links":{"self":[{"href":"https:\/\/de-prime.com\/index.php\/wp-json\/wp\/v2\/product\/54773","targetHints":{"allow":["GET"]}}],"collection":[{"href":"https:\/\/de-prime.com\/index.php\/wp-json\/wp\/v2\/product"}],"about":[{"href":"https:\/\/de-prime.com\/index.php\/wp-json\/wp\/v2\/types\/product"}],"replies":[{"embeddable":true,"href":"https:\/\/de-prime.com\/index.php\/wp-json\/wp\/v2\/comments?post=54773"}],"wp:featuredmedia":[{"embeddable":true,"href":"https:\/\/de-prime.com\/index.php\/wp-json\/"}],"wp:attachment":[{"href":"https:\/\/de-prime.com\/index.php\/wp-json\/wp\/v2\/media?parent=54773"}],"wp:term":[{"taxonomy":"product_brand","embeddable":true,"href":"https:\/\/de-prime.com\/index.php\/wp-json\/wp\/v2\/product_brand?post=54773"},{"taxonomy":"product_cat","embeddable":true,"href":"https:\/\/de-prime.com\/index.php\/wp-json\/wp\/v2\/product_cat?post=54773"},{"taxonomy":"product_tag","embeddable":true,"href":"https:\/\/de-prime.com\/index.php\/wp-json\/wp\/v2\/product_tag?post=54773"}],"curies":[{"name":"wp","href":"https:\/\/api.w.org\/{rel}","templated":true}]}}