{"id":54763,"date":"2024-10-01T16:10:37","date_gmt":"2024-10-01T16:10:37","guid":{"rendered":"https:\/\/de-prime.com\/?p=54763"},"modified":"2024-10-01T16:37:18","modified_gmt":"2024-10-01T16:37:18","slug":"basketballkorb-mit-netz-orange-45-cm","status":"publish","type":"product","link":"https:\/\/de-prime.com\/index.php\/product\/basketballkorb-mit-netz-orange-45-cm\/","title":{"rendered":"Basketballkorb mit Netz Orange 45 cm"},"content":{"rendered":"<p>Mit diesem Basketballkorb mit Netz kann jeder Basketballfan ein Spiel jederzeit und \u00fcberall genie\u00dfen. Langlebiges Material: Der Basketballring besteht aus strapazierf\u00e4higem Stahl mit Pulverbeschichtung. Aus robustem Polyester gefertigt, ist das Netz auch auf eine lange Lebensdauer ausgelegt.F\u00fcr den Innen- und Au\u00dfenbereich geeignet: Dieses Basketballkorb-Set eignet sich perfekt zum Spielen im Innen- und Au\u00dfenbereich. Es l\u00e4sst sich flexibel einsetzen, um \u00fcberall ein Spiel zu genie\u00dfen &#8211; sei es im Studentenzimmer, am B\u00fcro oder auf der Terrasse.<\/p>\n<ul>\n<li>Ringfarbe: Orange<span style=\"text-decoration: underline\"><br \/><\/span><\/li>\n<li>Netzfarbe: Blau + Rot + Wei\u00df<\/li>\n<li>Korb-Durchmesser: 45 cm<\/li>\n<li>Rohrst\u00e4rke: 1,6 cm<\/li>\n<li>Ringmaterial: Pulverbeschichteter Stahl<\/li>\n<li><strong>Lieferung beinhaltet:<\/strong><\/li>\n<li>1 x Basketballring<\/li>\n<li>1 x Basketballnetz<\/li>\n<li>Material: Polypropylen: 100%<\/li>\n<\/ul>\n","protected":false},"excerpt":{"rendered":"<ul>\n<li>Ringfarbe: Orange<span style=\"text-decoration: underline\"><br \/><\/span><\/li>\n<li>Netzfarbe: Blau + Rot + Wei\u00df<\/li>\n<li>Korb-Durchmesser: 45 cm<\/li>\n<li>Rohrst\u00e4rke: 1,6 cm<\/li>\n<li>Ringmaterial: Pulverbeschichteter Stahl<\/li>\n<li><strong>Lieferung beinhaltet:<\/strong><\/li>\n<li>1 x Basketballring<\/li>\n<li>1 x Basketballnetz<\/li>\n<li>Material: Polypropylen: 100%<\/li>\n<\/ul>\n","protected":false},"featured_media":10000054763,"comment_status":"closed","ping_status":"closed","template":"","meta":[],"product_brand":[],"product_cat":[6848,6849,5817,6850,6836],"product_tag":[],"class_list":{"0":"post-54763","1":"product","2":"type-product","3":"status-publish","4":"has-post-thumbnail","6":"product_cat-athletik","7":"product_cat-basketball","8":"product_cat-basketball-ringe","9":"product_cat-basketballkorbteile-zubehoer","10":"product_cat-sportartikel","12":"first","13":"instock","14":"taxable","15":"shipping-taxable","16":"purchasable","17":"product-type-simple","18":"add-to-wishlist-after_add_to_cart"},"jetpack_sharing_enabled":true,"_links":{"self":[{"href":"https:\/\/de-prime.com\/index.php\/wp-json\/wp\/v2\/product\/54763","targetHints":{"allow":["GET"]}}],"collection":[{"href":"https:\/\/de-prime.com\/index.php\/wp-json\/wp\/v2\/product"}],"about":[{"href":"https:\/\/de-prime.com\/index.php\/wp-json\/wp\/v2\/types\/product"}],"replies":[{"embeddable":true,"href":"https:\/\/de-prime.com\/index.php\/wp-json\/wp\/v2\/comments?post=54763"}],"wp:featuredmedia":[{"embeddable":true,"href":"https:\/\/de-prime.com\/index.php\/wp-json\/"}],"wp:attachment":[{"href":"https:\/\/de-prime.com\/index.php\/wp-json\/wp\/v2\/media?parent=54763"}],"wp:term":[{"taxonomy":"product_brand","embeddable":true,"href":"https:\/\/de-prime.com\/index.php\/wp-json\/wp\/v2\/product_brand?post=54763"},{"taxonomy":"product_cat","embeddable":true,"href":"https:\/\/de-prime.com\/index.php\/wp-json\/wp\/v2\/product_cat?post=54763"},{"taxonomy":"product_tag","embeddable":true,"href":"https:\/\/de-prime.com\/index.php\/wp-json\/wp\/v2\/product_tag?post=54763"}],"curies":[{"name":"wp","href":"https:\/\/api.w.org\/{rel}","templated":true}]}}