{"id":54760,"date":"2024-10-01T16:10:37","date_gmt":"2024-10-01T16:10:37","guid":{"rendered":"https:\/\/de-prime.com\/?p=54760"},"modified":"2024-10-01T16:37:17","modified_gmt":"2024-10-01T16:37:17","slug":"basketballkorb-transparent-106x69x3-cm-polycarbonat","status":"publish","type":"product","link":"https:\/\/de-prime.com\/index.php\/product\/basketballkorb-transparent-106x69x3-cm-polycarbonat\/","title":{"rendered":"Basketballkorb Transparent 106x69x3 cm Polycarbonat"},"content":{"rendered":"<p>Mit diesem Basketballkorb kannst du Basketball \u00fcben oder Freunde zu einem Spiel herausfordern! Langlebiges Material: Die R\u00fcckwand besteht aus Polycarbonat, wodurch sie sehr langlebig und robust, sowie witterungsbest\u00e4ndig und pflegeleicht ist. Der klassische Basketballkorb aus Stahl ist mit einem wetterfesten Nylonnetz versehen und daher auf eine lange Lebensdauer ausgelegt.Wandmontage: Dieser Basketballkorb l\u00e4sst sich vielseitig einsetzen. Er l\u00e4sst sich sowohl an einem Basketballst\u00e4nder als auch einfach an der Wand befestigen.Breite Anwendung: Dieses Basketballbrett eignet sich perfekt zum Spielen im Innen- und Au\u00dfenbereich. Sowohl Erwachsene als auch Kinder k\u00f6nnen damit viel Spa\u00df haben. Hinweis:Jedes Produkt wird mit einer Montageanleitung in der Verpackung f\u00fcr eine einfache Montage geliefert.<\/p>\n<ul>\n<li>Farbe: Transparent, Wei\u00df, Schwarz, Rot, Blau<\/li>\n<li>Material: Polycarbonat<\/li>\n<li>Gr\u00f6\u00dfe des R\u00fcckbretts: 106 x 69 cm (L x B)<\/li>\n<li>Dicke des R\u00fcckbretts: 3 cm<\/li>\n<li>Korb-Durchmesser: 45 cm<\/li>\n<\/ul>\n","protected":false},"excerpt":{"rendered":"<ul>\n<li>Farbe: Transparent, Wei\u00df, Schwarz, Rot, Blau<\/li>\n<li>Material: Polycarbonat<\/li>\n<li>Gr\u00f6\u00dfe des R\u00fcckbretts: 106 x 69 cm (L x B)<\/li>\n<li>Dicke des R\u00fcckbretts: 3 cm<\/li>\n<li>Korb-Durchmesser: 45 cm<\/li>\n<\/ul>\n","protected":false},"featured_media":10000054760,"comment_status":"closed","ping_status":"closed","template":"","meta":[],"product_brand":[],"product_cat":[6848,6849,5804,6850,6836],"product_tag":[],"class_list":{"0":"post-54760","1":"product","2":"type-product","3":"status-publish","4":"has-post-thumbnail","6":"product_cat-athletik","7":"product_cat-basketball","8":"product_cat-basketball-korbbretter","9":"product_cat-basketballkorbteile-zubehoer","10":"product_cat-sportartikel","12":"first","13":"instock","14":"taxable","15":"shipping-taxable","16":"purchasable","17":"product-type-simple","18":"add-to-wishlist-after_add_to_cart"},"jetpack_sharing_enabled":true,"_links":{"self":[{"href":"https:\/\/de-prime.com\/index.php\/wp-json\/wp\/v2\/product\/54760","targetHints":{"allow":["GET"]}}],"collection":[{"href":"https:\/\/de-prime.com\/index.php\/wp-json\/wp\/v2\/product"}],"about":[{"href":"https:\/\/de-prime.com\/index.php\/wp-json\/wp\/v2\/types\/product"}],"replies":[{"embeddable":true,"href":"https:\/\/de-prime.com\/index.php\/wp-json\/wp\/v2\/comments?post=54760"}],"wp:featuredmedia":[{"embeddable":true,"href":"https:\/\/de-prime.com\/index.php\/wp-json\/"}],"wp:attachment":[{"href":"https:\/\/de-prime.com\/index.php\/wp-json\/wp\/v2\/media?parent=54760"}],"wp:term":[{"taxonomy":"product_brand","embeddable":true,"href":"https:\/\/de-prime.com\/index.php\/wp-json\/wp\/v2\/product_brand?post=54760"},{"taxonomy":"product_cat","embeddable":true,"href":"https:\/\/de-prime.com\/index.php\/wp-json\/wp\/v2\/product_cat?post=54760"},{"taxonomy":"product_tag","embeddable":true,"href":"https:\/\/de-prime.com\/index.php\/wp-json\/wp\/v2\/product_tag?post=54760"}],"curies":[{"name":"wp","href":"https:\/\/api.w.org\/{rel}","templated":true}]}}