{"id":54752,"date":"2024-10-01T16:10:36","date_gmt":"2024-10-01T16:10:36","guid":{"rendered":"https:\/\/de-prime.com\/?p=54752"},"modified":"2024-10-01T16:37:13","modified_gmt":"2024-10-01T16:37:13","slug":"5-tlg-basketball-set-zur-wandmontage-66x445-cm","status":"publish","type":"product","link":"https:\/\/de-prime.com\/index.php\/product\/5-tlg-basketball-set-zur-wandmontage-66x445-cm\/","title":{"rendered":"5-tlg. Basketball-Set zur Wandmontage 66&#215;44,5 cm"},"content":{"rendered":"<p>Mit diesem Basketball-Set kannst du Basketball \u00fcben oder Freunde zu einem Spiel herausfordern! Vielseitig einsetzbar: Dieses robuste Basketball-Set eignet sich ideal, um ein paar K\u00f6rbe zu werfen oder Basketball mit Freunden im eigenen Garten, in der Garage oder in der Einfahrt zu spielen.Langlebiges Material: Das R\u00fcckbrett besteht aus \u00e4u\u00dferst langlebigem und witterungsbest\u00e4ndigem Polyethylen hoher Dichte.<\/p>\n<ul>\n<li>Farbe: Mehrfarbig<\/li>\n<li>Material des R\u00fcckbretts: HDPE<\/li>\n<li>Ringmaterial: Stahl<\/li>\n<li>Netzmaterial: Polypropylen<\/li>\n<li>Gr\u00f6\u00dfe des R\u00fcckbretts: 66 x 44,5 cm (L x B)<\/li>\n<li>\u00c4u\u00dferer Ringdurchmesser: 29 cm<\/li>\n<li>Geeignet f\u00fcr den Innen- und Au\u00dfenbereich<\/li>\n<li>Zusammenbau erforderlich: Ja<\/li>\n<li><strong>Achtung:<\/strong> Nicht f\u00fcr Kinder unter 6 Jahren geeignet.<\/li>\n<li><strong>Achtung:<\/strong> Kleinteile und langes Kabel. Erstickungs- und Strangulationsgefahr!<\/li>\n<li><strong>Achtung:<\/strong> Montage durch Erwachsene erforderlich.<\/li>\n<li><strong>Lieferung enth\u00e4lt:<\/strong><\/li>\n<li>1 x R\u00fcckbrett<\/li>\n<li>1 x Ring<\/li>\n<li>1 x Netz in 3 Farben<\/li>\n<li>1 x Ball<\/li>\n<li>1 x Pumpe<\/li>\n<li>WARNHINWEIS: Nicht f\u00fcr Kinder unter 36 Monaten geeignet.<\/li>\n<\/ul>\n","protected":false},"excerpt":{"rendered":"<ul>\n<li>Farbe: Mehrfarbig<\/li>\n<li>Material des R\u00fcckbretts: HDPE<\/li>\n<li>Ringmaterial: Stahl<\/li>\n<li>Netzmaterial: Polypropylen<\/li>\n<li>Gr\u00f6\u00dfe des R\u00fcckbretts: 66 x 44,5 cm (L x B)<\/li>\n<li>\u00c4u\u00dferer Ringdurchmesser: 29 cm<\/li>\n<li>Geeignet f\u00fcr den Innen- und Au\u00dfenbereich<\/li>\n<li>Zusammenbau erforderlich: Ja<\/li>\n<li><strong>Achtung:<\/strong> Nicht f\u00fcr Kinder unter 6 Jahren geeignet.<\/li>\n<li><strong>Achtung:<\/strong> Kleinteile und langes Kabel. Erstickungs- und Strangulationsgefahr!<\/li>\n<li><strong>Achtung:<\/strong> Montage durch Erwachsene erforderlich.<\/li>\n<li><strong>Lieferung enth\u00e4lt:<\/strong><\/li>\n<li>1 x R\u00fcckbrett<\/li>\n<li>1 x Ring<\/li>\n<li>1 x Netz in 3 Farben<\/li>\n<li>1 x Ball<\/li>\n<li>1 x Pumpe<\/li>\n<li>WARNHINWEIS: Nicht f\u00fcr Kinder unter 36 Monaten geeignet.<\/li>\n<\/ul>\n","protected":false},"featured_media":10000054752,"comment_status":"closed","ping_status":"closed","template":"","meta":[],"product_brand":[],"product_cat":[6848,6849,5804,6850,6836],"product_tag":[],"class_list":{"0":"post-54752","1":"product","2":"type-product","3":"status-publish","4":"has-post-thumbnail","6":"product_cat-athletik","7":"product_cat-basketball","8":"product_cat-basketball-korbbretter","9":"product_cat-basketballkorbteile-zubehoer","10":"product_cat-sportartikel","12":"first","13":"instock","14":"taxable","15":"shipping-taxable","16":"purchasable","17":"product-type-simple","18":"add-to-wishlist-after_add_to_cart"},"jetpack_sharing_enabled":true,"_links":{"self":[{"href":"https:\/\/de-prime.com\/index.php\/wp-json\/wp\/v2\/product\/54752","targetHints":{"allow":["GET"]}}],"collection":[{"href":"https:\/\/de-prime.com\/index.php\/wp-json\/wp\/v2\/product"}],"about":[{"href":"https:\/\/de-prime.com\/index.php\/wp-json\/wp\/v2\/types\/product"}],"replies":[{"embeddable":true,"href":"https:\/\/de-prime.com\/index.php\/wp-json\/wp\/v2\/comments?post=54752"}],"wp:featuredmedia":[{"embeddable":true,"href":"https:\/\/de-prime.com\/index.php\/wp-json\/"}],"wp:attachment":[{"href":"https:\/\/de-prime.com\/index.php\/wp-json\/wp\/v2\/media?parent=54752"}],"wp:term":[{"taxonomy":"product_brand","embeddable":true,"href":"https:\/\/de-prime.com\/index.php\/wp-json\/wp\/v2\/product_brand?post=54752"},{"taxonomy":"product_cat","embeddable":true,"href":"https:\/\/de-prime.com\/index.php\/wp-json\/wp\/v2\/product_cat?post=54752"},{"taxonomy":"product_tag","embeddable":true,"href":"https:\/\/de-prime.com\/index.php\/wp-json\/wp\/v2\/product_tag?post=54752"}],"curies":[{"name":"wp","href":"https:\/\/api.w.org\/{rel}","templated":true}]}}