{"id":54751,"date":"2024-10-01T16:10:36","date_gmt":"2024-10-01T16:10:36","guid":{"rendered":"https:\/\/de-prime.com\/?p=54751"},"modified":"2024-10-01T16:39:52","modified_gmt":"2024-10-01T16:39:52","slug":"baseball-netz-tragbar-schwarz-und-rot-183x105x183-cm-polyester","status":"publish","type":"product","link":"https:\/\/de-prime.com\/index.php\/product\/baseball-netz-tragbar-schwarz-und-rot-183x105x183-cm-polyester\/","title":{"rendered":"Baseball-Netz Tragbar Schwarz und Rot 183x105x183 cm Polyester"},"content":{"rendered":"<p>Dieses Baseball-Netz eignet sich perfekt f\u00fcr Spieler aller F\u00e4higkeiten, um Schlagen, Pitching, Fielding, Catching und Backstop auszu\u00fcben. Strapazierf\u00e4higes Material: Das knotenlose Netz ist aus Polyester gefertigt. Polyester ist ein synthetisches Material, das f\u00fcr seinen hohen UV-Schutz und seine Rei\u00dffestigkeit bekannt ist. Polyester ist wasserfest, was es zur perfekten Wahl f\u00fcr feuchte oder regnerische Umgebungen macht. Es l\u00e4sst sich auch einfach reinigen.Robuste Struktur: Mit einem Stahlgestell und Glasfaserstangen versehen, ist das Sportnetz robust und stabil.3 Schlagzonen: Das Baseball-\u00dcbungsnetz besitzt 3 Schlagzonen, die dir dabei helfen, deine F\u00e4higkeiten und die Genauigkeit beim Werfen zu verbessern.Einfacher Transport: Das Softball-Netz l\u00e4sst sich in der Tragetasche zum einfachen Transport und platzsparender Lagerung verpacken, um deine Trainingsanforderungen jederzeit zu erf\u00fcllen. Gut zu wissen:Um die Montage so einfach wie m\u00f6glich zu machen, wird jedes Produkt mit einer Anleitung geliefert.<\/p>\n<ul>\n<li>Farbe: Schwarz und Rot<\/li>\n<li>Material: Stoff (100 % Polyester), Stahl, Fiberglas, Oxford-Gewebe<\/li>\n<li>Gesamtabmessungen: 183 x 105 x 183 cm (B x T x H)<\/li>\n<li>Gewicht: 3,8 kg<\/li>\n<li><strong>Lieferung umfasst:<\/strong><\/li>\n<li>1 x Baseball-Netz<\/li>\n<li>1 x Tragetasche<\/li>\n<\/ul>\n","protected":false},"excerpt":{"rendered":"<ul>\n<li>Farbe: Schwarz und Rot<\/li>\n<li>Material: Stoff (100 % Polyester), Stahl, Fiberglas, Oxford-Gewebe<\/li>\n<li>Gesamtabmessungen: 183 x 105 x 183 cm (B x T x H)<\/li>\n<li>Gewicht: 3,8 kg<\/li>\n<li><strong>Lieferung umfasst:<\/strong><\/li>\n<li>1 x Baseball-Netz<\/li>\n<li>1 x Tragetasche<\/li>\n<\/ul>\n","protected":false},"featured_media":10000054751,"comment_status":"closed","ping_status":"closed","template":"","meta":[],"product_brand":[],"product_cat":[6848,5800,5801,6836],"product_tag":[],"class_list":{"0":"post-54751","1":"product","2":"type-product","3":"status-publish","4":"has-post-thumbnail","6":"product_cat-athletik","7":"product_cat-baseball-softball","8":"product_cat-baseball-baelle","9":"product_cat-sportartikel","11":"first","12":"instock","13":"taxable","14":"shipping-taxable","15":"purchasable","16":"product-type-simple","17":"add-to-wishlist-after_add_to_cart"},"jetpack_sharing_enabled":true,"_links":{"self":[{"href":"https:\/\/de-prime.com\/index.php\/wp-json\/wp\/v2\/product\/54751","targetHints":{"allow":["GET"]}}],"collection":[{"href":"https:\/\/de-prime.com\/index.php\/wp-json\/wp\/v2\/product"}],"about":[{"href":"https:\/\/de-prime.com\/index.php\/wp-json\/wp\/v2\/types\/product"}],"replies":[{"embeddable":true,"href":"https:\/\/de-prime.com\/index.php\/wp-json\/wp\/v2\/comments?post=54751"}],"wp:featuredmedia":[{"embeddable":true,"href":"https:\/\/de-prime.com\/index.php\/wp-json\/"}],"wp:attachment":[{"href":"https:\/\/de-prime.com\/index.php\/wp-json\/wp\/v2\/media?parent=54751"}],"wp:term":[{"taxonomy":"product_brand","embeddable":true,"href":"https:\/\/de-prime.com\/index.php\/wp-json\/wp\/v2\/product_brand?post=54751"},{"taxonomy":"product_cat","embeddable":true,"href":"https:\/\/de-prime.com\/index.php\/wp-json\/wp\/v2\/product_cat?post=54751"},{"taxonomy":"product_tag","embeddable":true,"href":"https:\/\/de-prime.com\/index.php\/wp-json\/wp\/v2\/product_tag?post=54751"}],"curies":[{"name":"wp","href":"https:\/\/api.w.org\/{rel}","templated":true}]}}