{"id":54748,"date":"2024-10-01T16:10:36","date_gmt":"2024-10-01T16:10:36","guid":{"rendered":"https:\/\/de-prime.com\/?p=54748"},"modified":"2024-10-01T16:39:49","modified_gmt":"2024-10-01T16:39:49","slug":"baseball-netz-tragbar-orange-schwarz-183x182x183-cm-stahl","status":"publish","type":"product","link":"https:\/\/de-prime.com\/index.php\/product\/baseball-netz-tragbar-orange-schwarz-183x182x183-cm-stahl\/","title":{"rendered":"Baseball-Netz Tragbar Orange Schwarz 183x182x183 cm Stahl"},"content":{"rendered":"<p>Dieses Baseballnetz, das Stil und Funktionalit\u00e4t vereint, ist die ideale Trainingshilfe f\u00fcr Spieler aller Spielst\u00e4rken, um ihre F\u00e4higkeiten zu trainieren. Langlebiges Material: Das Netz ist aus Polyester gefertigt. Polyester ist ein synthetisches Material, das f\u00fcr seinen hohen UV-Schutz und seine Rei\u00dffestigkeit bekannt ist. Polyester ist wasserfest, was es zur perfekten Wahl f\u00fcr feuchte oder regnerische Umgebungen macht. Es l\u00e4sst sich auch einfach reinigen.Robuste Struktur: Die Rahmen aus Stahl und Fiberglas verleihen dem Softball-Netz Stabilit\u00e4t und Robustheit und garantieren eine lange Lebensdauer.Einfacher Transport: Das Trainingsnetz l\u00e4sst sich zum einfachen Transport und zur Aufbewahrung in der Tragetasche verpacken, um deine Trainingsanforderungen jederzeit zu erf\u00fcllen.Breite Anwendungen: Die Baseball-Ausr\u00fcstung ist sowohl f\u00fcr Erwachsene als auch f\u00fcr Kinder geeignet, um Spiele zu genie\u00dfen oder Wettbewerbe zu veranstalten. Sie kann im Hinterhof, auf dem Rasen, im Garten, am Sandstrand oder auf jedem Feld verwendet werden. Gut zu wissen:Um die Montage so einfach wie m\u00f6glich zu machen, wird jedes Produkt mit einer Anleitung geliefert.<\/p>\n<ul>\n<li>Farbe: Orange und Schwarz<\/li>\n<li>Rahmenmaterial: Stahl, Fiberglas<\/li>\n<li>Netzmaterial: Polyester<\/li>\n<li>Material der Tragetasche: 600D Oxford-Gewebe<\/li>\n<li>Abmessungen: 183 x 182 x 183 cm (L x B x H)<\/li>\n<\/ul>\n","protected":false},"excerpt":{"rendered":"<ul>\n<li>Farbe: Orange und Schwarz<\/li>\n<li>Rahmenmaterial: Stahl, Fiberglas<\/li>\n<li>Netzmaterial: Polyester<\/li>\n<li>Material der Tragetasche: 600D Oxford-Gewebe<\/li>\n<li>Abmessungen: 183 x 182 x 183 cm (L x B x H)<\/li>\n<\/ul>\n","protected":false},"featured_media":10000054748,"comment_status":"closed","ping_status":"closed","template":"","meta":[],"product_brand":[],"product_cat":[6848,5800,6836],"product_tag":[],"class_list":{"0":"post-54748","1":"product","2":"type-product","3":"status-publish","4":"has-post-thumbnail","6":"product_cat-athletik","7":"product_cat-baseball-softball","8":"product_cat-sportartikel","10":"first","11":"instock","12":"taxable","13":"shipping-taxable","14":"purchasable","15":"product-type-simple","16":"add-to-wishlist-after_add_to_cart"},"jetpack_sharing_enabled":true,"_links":{"self":[{"href":"https:\/\/de-prime.com\/index.php\/wp-json\/wp\/v2\/product\/54748","targetHints":{"allow":["GET"]}}],"collection":[{"href":"https:\/\/de-prime.com\/index.php\/wp-json\/wp\/v2\/product"}],"about":[{"href":"https:\/\/de-prime.com\/index.php\/wp-json\/wp\/v2\/types\/product"}],"replies":[{"embeddable":true,"href":"https:\/\/de-prime.com\/index.php\/wp-json\/wp\/v2\/comments?post=54748"}],"wp:featuredmedia":[{"embeddable":true,"href":"https:\/\/de-prime.com\/index.php\/wp-json\/"}],"wp:attachment":[{"href":"https:\/\/de-prime.com\/index.php\/wp-json\/wp\/v2\/media?parent=54748"}],"wp:term":[{"taxonomy":"product_brand","embeddable":true,"href":"https:\/\/de-prime.com\/index.php\/wp-json\/wp\/v2\/product_brand?post=54748"},{"taxonomy":"product_cat","embeddable":true,"href":"https:\/\/de-prime.com\/index.php\/wp-json\/wp\/v2\/product_cat?post=54748"},{"taxonomy":"product_tag","embeddable":true,"href":"https:\/\/de-prime.com\/index.php\/wp-json\/wp\/v2\/product_tag?post=54748"}],"curies":[{"name":"wp","href":"https:\/\/api.w.org\/{rel}","templated":true}]}}