{"id":54741,"date":"2024-10-01T16:10:35","date_gmt":"2024-10-01T16:10:35","guid":{"rendered":"https:\/\/de-prime.com\/?p=54741"},"modified":"2024-10-01T16:42:31","modified_gmt":"2024-10-01T16:42:31","slug":"badminton-set-mit-2-schlaegern-netz-tasche-292x30x152-cm","status":"publish","type":"product","link":"https:\/\/de-prime.com\/index.php\/product\/badminton-set-mit-2-schlaegern-netz-tasche-292x30x152-cm\/","title":{"rendered":"Badminton-Set mit 2 Schl\u00e4gern, Netz &#038; Tasche 292x30x152 cm"},"content":{"rendered":"<p>Mit diesem fantastischen Badminton-Set kannst du die Freude am Sport genie\u00dfen und bleibende Familienerinnerungen schaffen. Einfacher Auf- und Abbau: Dank der Teleskop-Pfosten l\u00e4sst sich das Badminton-Netz schnell, einfach und werkzeuglos auf- und abbauen.Leicht und tragbar: Dank des geringen Gewichts und der mitgelieferten Tasche l\u00e4sst sich das Badminton-Set \u00fcberallhin m\u00fchelos mitnehmen, ohne sich Sorgen machen zu m\u00fcssen, dass Teile verloren gehen, was es zu einer idealen Wahl auch f\u00fcr Reisen macht. In der Tasche lassen sich alle Teile auch \u00fcbersichtlich verstauen.Erh\u00f6hte Stabilit\u00e4t: Um die Stabilit\u00e4t zu erh\u00f6hen, kannst du den St\u00e4nder mit Sand oder Steinen f\u00fcllen.Vielseitig einsetzbar: Die Pfosten aus Kunststoff passen in V-Form in die Transporttasche, sodass du das Badminton-Netz \u00fcberall aufstellen kannst, sei es auf Spielstra\u00dfen, in Einfahrten und Turnhallen, ohne es am Boden zu befestigen.<\/p>\n<ul>\n<li>Farbe: Orange, Schwarz und Rot<\/li>\n<li>Material: Polypropylen, Metall, ABS und PE (Polyethylen)<\/li>\n<li>Gesamtabmessungen: 292 x 30 x 152 cm (L x B x H)<\/li>\n<li>Gr\u00f6\u00dfe des Netzes: 292 x 30 cm (L x H)<\/li>\n<li>Maschenweite des Netzes: 2,5 x 2,5 cm (L x B)<\/li>\n<li>Abmessungen des Schl\u00e4gers: 65 x 20,5 x 2,5 cm (L x B x T)<\/li>\n<li>Abmessungen der Aufbewahrungstasche: 70 x 30 x 13 cm (L x B x H)<\/li>\n<li>Empfohlenes Alter: 14 Jahre und \u00e4lter<\/li>\n<li>Zusammenbau erforderlich: Ja<\/li>\n<li> <\/li>\n<li><strong>Lieferung umfasst:<\/strong><\/li>\n<li>1 x Paar Schl\u00e4ger<\/li>\n<li>2 x Federball<\/li>\n<li>1 x Netz mit \u00c4rmeln<\/li>\n<li>1 x Satz verstellbare Pfosten<\/li>\n<li>1 x Aufbewahrungskoffer<\/li>\n<\/ul>\n","protected":false},"excerpt":{"rendered":"<ul>\n<li>Farbe: Orange, Schwarz und Rot<\/li>\n<li>Material: Polypropylen, Metall, ABS und PE (Polyethylen)<\/li>\n<li>Gesamtabmessungen: 292 x 30 x 152 cm (L x B x H)<\/li>\n<li>Gr\u00f6\u00dfe des Netzes: 292 x 30 cm (L x H)<\/li>\n<li>Maschenweite des Netzes: 2,5 x 2,5 cm (L x B)<\/li>\n<li>Abmessungen des Schl\u00e4gers: 65 x 20,5 x 2,5 cm (L x B x T)<\/li>\n<li>Abmessungen der Aufbewahrungstasche: 70 x 30 x 13 cm (L x B x H)<\/li>\n<li>Empfohlenes Alter: 14 Jahre und \u00e4lter<\/li>\n<li>Zusammenbau erforderlich: Ja<\/li>\n<li> <\/li>\n<li><strong>Lieferung umfasst:<\/strong><\/li>\n<li>1 x Paar Schl\u00e4ger<\/li>\n<li>2 x Federball<\/li>\n<li>1 x Netz mit \u00c4rmeln<\/li>\n<li>1 x Satz verstellbare Pfosten<\/li>\n<li>1 x Aufbewahrungskoffer<\/li>\n<\/ul>\n","protected":false},"featured_media":10000054741,"comment_status":"closed","ping_status":"closed","template":"","meta":[],"product_brand":[],"product_cat":[6843,6845,6837,6842,6836],"product_tag":[],"class_list":{"0":"post-54741","1":"product","2":"type-product","3":"status-publish","4":"has-post-thumbnail","6":"product_cat-badminton","7":"product_cat-badmintonschlaeger-spielsets","8":"product_cat-outdoor-aktivitaeten","9":"product_cat-spiele-im-freien","10":"product_cat-sportartikel","12":"first","13":"instock","14":"taxable","15":"shipping-taxable","16":"purchasable","17":"product-type-simple","18":"add-to-wishlist-after_add_to_cart"},"jetpack_sharing_enabled":true,"_links":{"self":[{"href":"https:\/\/de-prime.com\/index.php\/wp-json\/wp\/v2\/product\/54741","targetHints":{"allow":["GET"]}}],"collection":[{"href":"https:\/\/de-prime.com\/index.php\/wp-json\/wp\/v2\/product"}],"about":[{"href":"https:\/\/de-prime.com\/index.php\/wp-json\/wp\/v2\/types\/product"}],"replies":[{"embeddable":true,"href":"https:\/\/de-prime.com\/index.php\/wp-json\/wp\/v2\/comments?post=54741"}],"wp:featuredmedia":[{"embeddable":true,"href":"https:\/\/de-prime.com\/index.php\/wp-json\/"}],"wp:attachment":[{"href":"https:\/\/de-prime.com\/index.php\/wp-json\/wp\/v2\/media?parent=54741"}],"wp:term":[{"taxonomy":"product_brand","embeddable":true,"href":"https:\/\/de-prime.com\/index.php\/wp-json\/wp\/v2\/product_brand?post=54741"},{"taxonomy":"product_cat","embeddable":true,"href":"https:\/\/de-prime.com\/index.php\/wp-json\/wp\/v2\/product_cat?post=54741"},{"taxonomy":"product_tag","embeddable":true,"href":"https:\/\/de-prime.com\/index.php\/wp-json\/wp\/v2\/product_tag?post=54741"}],"curies":[{"name":"wp","href":"https:\/\/api.w.org\/{rel}","templated":true}]}}