{"id":54740,"date":"2024-10-01T16:10:35","date_gmt":"2024-10-01T16:10:35","guid":{"rendered":"https:\/\/de-prime.com\/?p=54740"},"modified":"2024-10-01T16:37:18","modified_gmt":"2024-10-01T16:37:18","slug":"badminton-netz-gelb-und-schwarz-600x155-cm-pe-gewebe","status":"publish","type":"product","link":"https:\/\/de-prime.com\/index.php\/product\/badminton-netz-gelb-und-schwarz-600x155-cm-pe-gewebe\/","title":{"rendered":"Badminton-Netz Gelb und Schwarz 600&#215;155 cm PE-Gewebe"},"content":{"rendered":"<p>Dieses Badminton-Netz l\u00e4sst sich einfach aufstellen und transportieren und eignet sich perfekt, um Spa\u00df mit der Familie im Garten zu haben! Langlebiges Material: Das Sportnetz ist aus PE-Gewebe hergestellt. Polyethylen-Gewebe ist UV-best\u00e4ndig und hat eine hohe Rei\u00dffestigkeit. Es besitzt auch eine ausgezeichnete Elastizit\u00e4t.Breite Anwendung: Diese Badminton-Ausr\u00fcstung ist nicht nur f\u00fcr Badminton geeignet, sondern kann auch f\u00fcr Tennis- und Volleyballspiele verwendet werden. Es eignet sich perfekt f\u00fcr Spiele mit Familie und Freunden, sei es im Garten, am Strand, auf dem Rasen oder auf einer flachen Oberfl\u00e4che.Einfacher Transport: Das Pickleball-Netz l\u00e4sst sich in der Tragetasche zum einfachen Transport und platzsparender Lagerung verpacken, um deine Trainingsanforderungen jederzeit zu erf\u00fcllen. Gut zu wissen:Um die Montage so einfach wie m\u00f6glich zu machen, wird jedes Produkt mit einer Anleitung geliefert.<\/p>\n<ul>\n<li>Farbe: Schwarz und Gelb<\/li>\n<li>Material: PE-Gewebe, PVC, Oxford-Gewebe<\/li>\n<li>Gr\u00f6\u00dfe: 600 x 155 cm (L x H)<\/li>\n<li>Gewicht: 2 kg<\/li>\n<li><strong>Lieferung umfasst:<\/strong><\/li>\n<li>1 x Badminton-Netz<\/li>\n<li>1 x Tragetasche<\/li>\n<li>4 x Schl\u00e4ger<\/li>\n<li>3 x Federball<\/li>\n<\/ul>\n","protected":false},"excerpt":{"rendered":"<ul>\n<li>Farbe: Schwarz und Gelb<\/li>\n<li>Material: PE-Gewebe, PVC, Oxford-Gewebe<\/li>\n<li>Gr\u00f6\u00dfe: 600 x 155 cm (L x H)<\/li>\n<li>Gewicht: 2 kg<\/li>\n<li><strong>Lieferung umfasst:<\/strong><\/li>\n<li>1 x Badminton-Netz<\/li>\n<li>1 x Tragetasche<\/li>\n<li>4 x Schl\u00e4ger<\/li>\n<li>3 x Federball<\/li>\n<\/ul>\n","protected":false},"featured_media":10000054740,"comment_status":"closed","ping_status":"closed","template":"","meta":[],"product_brand":[],"product_cat":[6843,6844,6837,6842,6836],"product_tag":[],"class_list":{"0":"post-54740","1":"product","2":"type-product","3":"status-publish","4":"has-post-thumbnail","6":"product_cat-badminton","7":"product_cat-badminton-netze","8":"product_cat-outdoor-aktivitaeten","9":"product_cat-spiele-im-freien","10":"product_cat-sportartikel","12":"first","13":"instock","14":"taxable","15":"shipping-taxable","16":"purchasable","17":"product-type-simple","18":"add-to-wishlist-after_add_to_cart"},"jetpack_sharing_enabled":true,"_links":{"self":[{"href":"https:\/\/de-prime.com\/index.php\/wp-json\/wp\/v2\/product\/54740","targetHints":{"allow":["GET"]}}],"collection":[{"href":"https:\/\/de-prime.com\/index.php\/wp-json\/wp\/v2\/product"}],"about":[{"href":"https:\/\/de-prime.com\/index.php\/wp-json\/wp\/v2\/types\/product"}],"replies":[{"embeddable":true,"href":"https:\/\/de-prime.com\/index.php\/wp-json\/wp\/v2\/comments?post=54740"}],"wp:featuredmedia":[{"embeddable":true,"href":"https:\/\/de-prime.com\/index.php\/wp-json\/"}],"wp:attachment":[{"href":"https:\/\/de-prime.com\/index.php\/wp-json\/wp\/v2\/media?parent=54740"}],"wp:term":[{"taxonomy":"product_brand","embeddable":true,"href":"https:\/\/de-prime.com\/index.php\/wp-json\/wp\/v2\/product_brand?post=54740"},{"taxonomy":"product_cat","embeddable":true,"href":"https:\/\/de-prime.com\/index.php\/wp-json\/wp\/v2\/product_cat?post=54740"},{"taxonomy":"product_tag","embeddable":true,"href":"https:\/\/de-prime.com\/index.php\/wp-json\/wp\/v2\/product_tag?post=54740"}],"curies":[{"name":"wp","href":"https:\/\/api.w.org\/{rel}","templated":true}]}}