{"id":54739,"date":"2024-10-01T16:10:35","date_gmt":"2024-10-01T16:10:35","guid":{"rendered":"https:\/\/de-prime.com\/?p=54739"},"modified":"2024-10-01T16:37:17","modified_gmt":"2024-10-01T16:37:17","slug":"badmintonnetz-verstellbar-300x103x94-158-cm-metall","status":"publish","type":"product","link":"https:\/\/de-prime.com\/index.php\/product\/badmintonnetz-verstellbar-300x103x94-158-cm-metall\/","title":{"rendered":"Badmintonnetz Verstellbar 300x103x94-158 cm Metall"},"content":{"rendered":"<p>Dieses Badminton-Netz bringt den Spa\u00df der klassischen Spiele in Ihren Garten! Dieses Outdoor-Badmintonnetz verf\u00fcgt \u00fcber einen Stahlrahmen, der es robust und langlebig f\u00fcr den langfristigen Einsatz macht. Das Rohr ist schwarz lackiert, dadurch rost- und witterungsbest\u00e4ndig wobei das darunter liegende Metall lange gesch\u00fctzt bleibt. Das Netz besteht aus strapazierf\u00e4higem Polyethylen, das sehr sicher ist und verhindert, dass der Federball durch das Netz geht. Das Trainingsnetz l\u00e4sst sich ohne Werkzeug in wenigen Minuten auf- oder abbauen. Es ist auch h\u00f6henverstellbar und eignet sich f\u00fcr verschiedene Sportarten am Strand, in Hinterh\u00f6fen, Parks und sogar in der Garage. Mit der mitgelieferten Tragetasche k\u00f6nnen Sie das Netz problemlos \u00fcberall hin mitnehmen!<\/p>\n<ul>\n<li>Farbe: Schwarz <\/li>\n<li>Rohrmaterial: Pulverbeschichteter Stahl<\/li>\n<li>Netzmaterial: PE (Polyethen)<\/li>\n<li>Bandmaterial: Oxford<\/li>\n<li>Abmessungen: 300 x 103 x (94-158) cm (L x B x H)<\/li>\n<li>Mit einer Aufbewahrungstasche<\/li>\n<li>Enth\u00e4lt 4 Heringe<\/li>\n<li>Zusammenbau erforderlich: Ja<\/li>\n<\/ul>\n","protected":false},"excerpt":{"rendered":"<ul>\n<li>Farbe: Schwarz <\/li>\n<li>Rohrmaterial: Pulverbeschichteter Stahl<\/li>\n<li>Netzmaterial: PE (Polyethen)<\/li>\n<li>Bandmaterial: Oxford<\/li>\n<li>Abmessungen: 300 x 103 x (94-158) cm (L x B x H)<\/li>\n<li>Mit einer Aufbewahrungstasche<\/li>\n<li>Enth\u00e4lt 4 Heringe<\/li>\n<li>Zusammenbau erforderlich: Ja<\/li>\n<\/ul>\n","protected":false},"featured_media":10000054739,"comment_status":"closed","ping_status":"closed","template":"","meta":[],"product_brand":[],"product_cat":[6843,6844,6837,6842,6836],"product_tag":[],"class_list":{"0":"post-54739","1":"product","2":"type-product","3":"status-publish","4":"has-post-thumbnail","6":"product_cat-badminton","7":"product_cat-badminton-netze","8":"product_cat-outdoor-aktivitaeten","9":"product_cat-spiele-im-freien","10":"product_cat-sportartikel","12":"first","13":"instock","14":"taxable","15":"shipping-taxable","16":"purchasable","17":"product-type-simple","18":"add-to-wishlist-after_add_to_cart"},"jetpack_sharing_enabled":true,"_links":{"self":[{"href":"https:\/\/de-prime.com\/index.php\/wp-json\/wp\/v2\/product\/54739","targetHints":{"allow":["GET"]}}],"collection":[{"href":"https:\/\/de-prime.com\/index.php\/wp-json\/wp\/v2\/product"}],"about":[{"href":"https:\/\/de-prime.com\/index.php\/wp-json\/wp\/v2\/types\/product"}],"replies":[{"embeddable":true,"href":"https:\/\/de-prime.com\/index.php\/wp-json\/wp\/v2\/comments?post=54739"}],"wp:featuredmedia":[{"embeddable":true,"href":"https:\/\/de-prime.com\/index.php\/wp-json\/"}],"wp:attachment":[{"href":"https:\/\/de-prime.com\/index.php\/wp-json\/wp\/v2\/media?parent=54739"}],"wp:term":[{"taxonomy":"product_brand","embeddable":true,"href":"https:\/\/de-prime.com\/index.php\/wp-json\/wp\/v2\/product_brand?post=54739"},{"taxonomy":"product_cat","embeddable":true,"href":"https:\/\/de-prime.com\/index.php\/wp-json\/wp\/v2\/product_cat?post=54739"},{"taxonomy":"product_tag","embeddable":true,"href":"https:\/\/de-prime.com\/index.php\/wp-json\/wp\/v2\/product_tag?post=54739"}],"curies":[{"name":"wp","href":"https:\/\/api.w.org\/{rel}","templated":true}]}}