{"id":54729,"date":"2024-10-01T16:10:34","date_gmt":"2024-10-01T16:10:34","guid":{"rendered":"https:\/\/de-prime.com\/?p=54729"},"modified":"2024-10-01T16:40:41","modified_gmt":"2024-10-01T16:40:41","slug":"angeltasche-wasserdicht-dunkelgruen-oxford-gewebe-3","status":"publish","type":"product","link":"https:\/\/de-prime.com\/index.php\/product\/angeltasche-wasserdicht-dunkelgruen-oxford-gewebe-3\/","title":{"rendered":"Angeltasche Wasserdicht Dunkelgr\u00fcn Oxford-Gewebe"},"content":{"rendered":"<p>Egal, ob beim Angeln, Wandern oder einer anderen Aktivit\u00e4t, diese vielseitige Angeltasche eignet sich ideal, um all deine Sachen zu transportieren. Viel Stauraum: Die Angeltasche verf\u00fcgt \u00fcber Innen- und Au\u00dfentaschen, in denen Zubeh\u00f6r wie Akkus, Ladeger\u00e4te, Speicherkarten, Mobiltelefone usw. aufbewahrt werden k\u00f6nnen.Wasserdicht und langlebig: Diese Angeltasche besteht aus 600D-Oxford-Gewebe mit PVC-Beschichtung und ist daher auf Langlebigkeit ausgelegt. Zudem wird sie samt einer wasserdichten H\u00fclle f\u00fcr unerwartete Wetterbedingungen geliefert.Organisiert: Die Angeltasche verf\u00fcgt \u00fcber eine isolierende Trennwand, um deine Angelger\u00e4te und Zubeh\u00f6r \u00fcbersichtlich zu verstauen.Mehrere Tragem\u00f6glichkeiten: Die Angeltasche verf\u00fcgt \u00fcber einen Tragegriff und einen verstellbaren Schultergurt, sodass du sie als Umh\u00e4ngetasche, Schultertasche oder Handtasche tragen kannst.Vielseitig einsetzbar: Diese Angeltasche eignet sich ideal f\u00fcr Angeln, Wandern, Reisen, Trekking, Radfahren oder andere Aktivit\u00e4ten.<\/p>\n<ul>\n<li>Farbe: Dunkelgr\u00fcn<\/li>\n<li>Material: 600D Oxford-Gewebe mit PVC-Beschichtung<\/li>\n<li>Gesamtabmessungen: 84 x 35 x 35 cm (L x B x H)<\/li>\n<li>Schulterriemen-L\u00e4nge (max.): 145 cm<\/li>\n<li>Mit isolierender PEVA-Trennwand<\/li>\n<li>Wasserdicht<\/li>\n<\/ul>\n","protected":false},"excerpt":{"rendered":"<ul>\n<li>Farbe: Dunkelgr\u00fcn<\/li>\n<li>Material: 600D Oxford-Gewebe mit PVC-Beschichtung<\/li>\n<li>Gesamtabmessungen: 84 x 35 x 35 cm (L x B x H)<\/li>\n<li>Schulterriemen-L\u00e4nge (max.): 145 cm<\/li>\n<li>Mit isolierender PEVA-Trennwand<\/li>\n<li>Wasserdicht<\/li>\n<\/ul>\n","protected":false},"featured_media":10000054729,"comment_status":"closed","ping_status":"closed","template":"","meta":[],"product_brand":[],"product_cat":[6839,6838,6837,6836],"product_tag":[],"class_list":{"0":"post-54729","1":"product","2":"type-product","3":"status-publish","4":"has-post-thumbnail","6":"product_cat-angelkaesten-angeltaschen","7":"product_cat-angelsport","8":"product_cat-outdoor-aktivitaeten","9":"product_cat-sportartikel","11":"first","12":"instock","13":"taxable","14":"shipping-taxable","15":"purchasable","16":"product-type-simple","17":"add-to-wishlist-after_add_to_cart"},"jetpack_sharing_enabled":true,"_links":{"self":[{"href":"https:\/\/de-prime.com\/index.php\/wp-json\/wp\/v2\/product\/54729","targetHints":{"allow":["GET"]}}],"collection":[{"href":"https:\/\/de-prime.com\/index.php\/wp-json\/wp\/v2\/product"}],"about":[{"href":"https:\/\/de-prime.com\/index.php\/wp-json\/wp\/v2\/types\/product"}],"replies":[{"embeddable":true,"href":"https:\/\/de-prime.com\/index.php\/wp-json\/wp\/v2\/comments?post=54729"}],"wp:featuredmedia":[{"embeddable":true,"href":"https:\/\/de-prime.com\/index.php\/wp-json\/"}],"wp:attachment":[{"href":"https:\/\/de-prime.com\/index.php\/wp-json\/wp\/v2\/media?parent=54729"}],"wp:term":[{"taxonomy":"product_brand","embeddable":true,"href":"https:\/\/de-prime.com\/index.php\/wp-json\/wp\/v2\/product_brand?post=54729"},{"taxonomy":"product_cat","embeddable":true,"href":"https:\/\/de-prime.com\/index.php\/wp-json\/wp\/v2\/product_cat?post=54729"},{"taxonomy":"product_tag","embeddable":true,"href":"https:\/\/de-prime.com\/index.php\/wp-json\/wp\/v2\/product_tag?post=54729"}],"curies":[{"name":"wp","href":"https:\/\/api.w.org\/{rel}","templated":true}]}}